{"id":44,"date":"2026-01-20T14:46:02","date_gmt":"2026-01-20T13:46:02","guid":{"rendered":"https:\/\/anaclet.tmp26.iutn.o2switch.site\/module_2_wordpress\/SkillFor\/?page_id=44"},"modified":"2026-01-25T22:29:12","modified_gmt":"2026-01-25T21:29:12","slug":"digital-et-numerique","status":"publish","type":"page","link":"https:\/\/anaclet.tmp26.iutn.o2switch.site\/module_2_wordpress\/SkillFor\/formation-continue\/formations\/digital-et-numerique\/","title":{"rendered":"Digital et num\u00e9rique"},"content":{"rendered":"\n<div class=\"wp-block-cover\"><img loading=\"lazy\" decoding=\"async\" width=\"580\" height=\"257\" class=\"wp-block-cover__image-background wp-image-204 size-full\" alt=\"\" src=\"https:\/\/anaclet.tmp26.iutn.o2switch.site\/module_2_wordpress\/SkillFor\/wp-content\/uploads\/2026\/01\/Capture-decran-2026-01-22-193814-1.png\" data-object-fit=\"cover\" srcset=\"https:\/\/anaclet.tmp26.iutn.o2switch.site\/module_2_wordpress\/SkillFor\/wp-content\/uploads\/2026\/01\/Capture-decran-2026-01-22-193814-1.png 580w, https:\/\/anaclet.tmp26.iutn.o2switch.site\/module_2_wordpress\/SkillFor\/wp-content\/uploads\/2026\/01\/Capture-decran-2026-01-22-193814-1-300x133.png 300w\" sizes=\"auto, (max-width: 580px) 100vw, 580px\" \/><span aria-hidden=\"true\" class=\"wp-block-cover__background has-black-background-color has-background-dim\"><\/span><div class=\"wp-block-cover__inner-container is-layout-constrained wp-block-cover-is-layout-constrained\">\n<p class=\"has-text-align-center has-large-font-size\"><strong>Formation professionnelle et tout au long de la vie<\/strong><\/p>\n<\/div><\/div>\n\n\n\n<div style=\"height:100px\" aria-hidden=\"true\" class=\"wp-block-spacer\"><\/div>\n\n\n\n<div class=\"wp-block-columns is-layout-flex wp-container-core-columns-is-layout-9d6595d7 wp-block-columns-is-layout-flex\">\n<div class=\"wp-block-column has-background is-layout-flow wp-block-column-is-layout-flow\" style=\"background-color:#16478b\">\n<figure class=\"wp-block-image size-full\"><img loading=\"lazy\" decoding=\"async\" width=\"547\" height=\"252\" src=\"https:\/\/anaclet.tmp26.iutn.o2switch.site\/module_2_wordpress\/SkillFor\/wp-content\/uploads\/2026\/01\/Capture-decran-2026-01-22-210500.png\" alt=\"\" class=\"wp-image-214\" srcset=\"https:\/\/anaclet.tmp26.iutn.o2switch.site\/module_2_wordpress\/SkillFor\/wp-content\/uploads\/2026\/01\/Capture-decran-2026-01-22-210500.png 547w, https:\/\/anaclet.tmp26.iutn.o2switch.site\/module_2_wordpress\/SkillFor\/wp-content\/uploads\/2026\/01\/Capture-decran-2026-01-22-210500-300x138.png 300w\" sizes=\"auto, (max-width: 547px) 100vw, 547px\" \/><\/figure>\n\n\n\n<div style=\"height:10px\" aria-hidden=\"true\" class=\"wp-block-spacer\"><\/div>\n\n\n\n<h5 class=\"wp-block-heading has-text-align-center\">R\u00e9f\u00e9rent cybers\u00e9curit\u00e9 en TPE\/PME<\/h5>\n\n\n\n<ul class=\"wp-block-list\">\n<li>Formation courte<\/li>\n<\/ul>\n\n\n\n<ul class=\"wp-block-list\">\n<li><strong>2 900 \u20ac<\/strong><\/li>\n<\/ul>\n\n\n\n<p>Deviens l\u2019acteur cl\u00e9 de la protection num\u00e9rique de ton entreprise. Cette formation t\u2019apprend \u00e0 pr\u00e9venir les cyberattaques, s\u00e9curiser les syst\u00e8mes et sensibiliser les \u00e9quipes. Une comp\u00e9tence aujourd\u2019hui indispensable face aux menaces digitales.<\/p>\n\n\n\n<div style=\"height:115px\" aria-hidden=\"true\" class=\"wp-block-spacer\"><\/div>\n\n\n\n<div class=\"wp-block-buttons is-content-justification-center is-layout-flex wp-container-core-buttons-is-layout-16018d1d wp-block-buttons-is-layout-flex\">\n<div class=\"wp-block-button\"><a class=\"wp-block-button__link has-luminous-vivid-amber-background-color has-background has-small-font-size has-custom-font-size wp-element-button\">En savoir plus<\/a><\/div>\n<\/div>\n<\/div>\n\n\n\n<div class=\"wp-block-column has-background is-layout-flow wp-block-column-is-layout-flow\" style=\"background-color:#16478b\"><div class=\"wp-block-image\">\n<figure class=\"aligncenter size-full\"><img loading=\"lazy\" decoding=\"async\" width=\"610\" height=\"251\" src=\"https:\/\/anaclet.tmp26.iutn.o2switch.site\/module_2_wordpress\/SkillFor\/wp-content\/uploads\/2026\/01\/Capture-decran-2026-01-22-210529.png\" alt=\"\" class=\"wp-image-215\" style=\"aspect-ratio:1.4748887476160204\" srcset=\"https:\/\/anaclet.tmp26.iutn.o2switch.site\/module_2_wordpress\/SkillFor\/wp-content\/uploads\/2026\/01\/Capture-decran-2026-01-22-210529.png 610w, https:\/\/anaclet.tmp26.iutn.o2switch.site\/module_2_wordpress\/SkillFor\/wp-content\/uploads\/2026\/01\/Capture-decran-2026-01-22-210529-300x123.png 300w\" sizes=\"auto, (max-width: 610px) 100vw, 610px\" \/><\/figure>\n<\/div>\n\n\n<div style=\"height:10px\" aria-hidden=\"true\" class=\"wp-block-spacer\"><\/div>\n\n\n\n<h5 class=\"wp-block-heading has-text-align-center\">Piloter la mise en conformit\u00e9 RGPD en TPE\/PME<\/h5>\n\n\n\n<ul class=\"wp-block-list\">\n<li>Formation courte<\/li>\n\n\n\n<li><strong>3200 \u20ac<\/strong><\/li>\n<\/ul>\n\n\n\n<p>Apprends \u00e0 prot\u00e9ger les donn\u00e9es de ton entreprise et \u00e0 respecter la r\u00e9glementation RGPD. Cette formation te permet d\u2019identifier les risques, de mettre en place les bonnes pratiques et d\u2019\u00e9viter les sanctions.<\/p>\n\n\n\n<div style=\"height:74px\" aria-hidden=\"true\" class=\"wp-block-spacer\"><\/div>\n\n\n\n<div class=\"wp-block-buttons is-content-justification-center is-layout-flex wp-container-core-buttons-is-layout-16018d1d wp-block-buttons-is-layout-flex\">\n<div class=\"wp-block-button\"><a class=\"wp-block-button__link has-luminous-vivid-amber-background-color has-background has-small-font-size has-custom-font-size wp-element-button\">En savoir plus<\/a><\/div>\n<\/div>\n<\/div>\n<\/div>\n\n\n\n<div style=\"height:100px\" aria-hidden=\"true\" class=\"wp-block-spacer\"><\/div>\n\n\n\n<div class=\"wp-block-columns is-layout-flex wp-container-core-columns-is-layout-9d6595d7 wp-block-columns-is-layout-flex\">\n<div class=\"wp-block-column has-background is-layout-flow wp-block-column-is-layout-flow\" style=\"background-color:#16478b\">\n<figure class=\"wp-block-image size-full\"><img loading=\"lazy\" decoding=\"async\" width=\"581\" height=\"382\" src=\"https:\/\/anaclet.tmp26.iutn.o2switch.site\/module_2_wordpress\/SkillFor\/wp-content\/uploads\/2026\/01\/Capture-decran-2026-01-22-210716.png\" alt=\"\" class=\"wp-image-216\" srcset=\"https:\/\/anaclet.tmp26.iutn.o2switch.site\/module_2_wordpress\/SkillFor\/wp-content\/uploads\/2026\/01\/Capture-decran-2026-01-22-210716.png 581w, https:\/\/anaclet.tmp26.iutn.o2switch.site\/module_2_wordpress\/SkillFor\/wp-content\/uploads\/2026\/01\/Capture-decran-2026-01-22-210716-300x197.png 300w\" sizes=\"auto, (max-width: 581px) 100vw, 581px\" \/><\/figure>\n\n\n\n<div style=\"height:10px\" aria-hidden=\"true\" class=\"wp-block-spacer\"><\/div>\n\n\n\n<h5 class=\"wp-block-heading has-text-align-center\">&nbsp;G\u00e9rer et animer ses r\u00e9seaux sociaux<\/h5>\n\n\n\n<ul class=\"wp-block-list\">\n<li>Formation courte<\/li>\n<\/ul>\n\n\n\n<ul class=\"wp-block-list\">\n<li><strong>330 \u20ac<\/strong><\/li>\n<\/ul>\n\n\n\n<p>Ma\u00eetrise les codes des r\u00e9seaux sociaux pour engager et fid\u00e9liser ta communaut\u00e9. Cette formation t\u2019apprend \u00e0 cr\u00e9er du contenu impactant, planifier tes publications et analyser tes performances.<\/p>\n\n\n\n<div style=\"height:72px\" aria-hidden=\"true\" class=\"wp-block-spacer\"><\/div>\n\n\n\n<div class=\"wp-block-buttons is-content-justification-center is-layout-flex wp-container-core-buttons-is-layout-16018d1d wp-block-buttons-is-layout-flex\">\n<div class=\"wp-block-button\"><a class=\"wp-block-button__link has-luminous-vivid-amber-background-color has-background has-small-font-size has-custom-font-size wp-element-button\">En savoir plus<\/a><\/div>\n<\/div>\n<\/div>\n\n\n\n<div class=\"wp-block-column has-background is-layout-flow wp-block-column-is-layout-flow\" style=\"background-color:#16478b\"><div class=\"wp-block-image\">\n<figure class=\"aligncenter size-full\"><img loading=\"lazy\" decoding=\"async\" width=\"686\" height=\"293\" src=\"https:\/\/anaclet.tmp26.iutn.o2switch.site\/module_2_wordpress\/SkillFor\/wp-content\/uploads\/2026\/01\/Capture-decran-2026-01-22-210614.png\" alt=\"\" class=\"wp-image-217\" style=\"aspect-ratio:1.4748887476160204\" srcset=\"https:\/\/anaclet.tmp26.iutn.o2switch.site\/module_2_wordpress\/SkillFor\/wp-content\/uploads\/2026\/01\/Capture-decran-2026-01-22-210614.png 686w, https:\/\/anaclet.tmp26.iutn.o2switch.site\/module_2_wordpress\/SkillFor\/wp-content\/uploads\/2026\/01\/Capture-decran-2026-01-22-210614-300x128.png 300w\" sizes=\"auto, (max-width: 686px) 100vw, 686px\" \/><\/figure>\n<\/div>\n\n\n<div style=\"height:10px\" aria-hidden=\"true\" class=\"wp-block-spacer\"><\/div>\n\n\n\n<h5 class=\"wp-block-heading has-text-align-center\">CCE &#8211;&nbsp;Optimiser la communication digitale de l\u2019entreprise<\/h5>\n\n\n\n<ul class=\"wp-block-list\">\n<li>Formation courte<\/li>\n\n\n\n<li><strong>1 550 \u20ac<\/strong><\/li>\n<\/ul>\n\n\n\n<p>Structure et renforce la pr\u00e9sence en ligne de ton entreprise gr\u00e2ce \u00e0 une strat\u00e9gie digitale efficace. Tu apprendras \u00e0 choisir les bons outils, cr\u00e9er des contenus pertinents et am\u00e9liorer ta visibilit\u00e9.<\/p>\n\n\n\n<div style=\"height:74px\" aria-hidden=\"true\" class=\"wp-block-spacer\"><\/div>\n\n\n\n<div class=\"wp-block-buttons is-content-justification-center is-layout-flex wp-container-core-buttons-is-layout-16018d1d wp-block-buttons-is-layout-flex\">\n<div class=\"wp-block-button\"><a class=\"wp-block-button__link has-luminous-vivid-amber-background-color has-background has-small-font-size has-custom-font-size wp-element-button\">En savoir plus<\/a><\/div>\n<\/div>\n<\/div>\n<\/div>\n\n\n\n<div style=\"height:100px\" aria-hidden=\"true\" class=\"wp-block-spacer\"><\/div>\n\n\n\n<div class=\"wp-block-group alignfull has-background-color has-white-color has-black-background-color has-text-color has-background has-link-color wp-elements-b6dad606952df3985aad7f109d528e97 is-vertical is-content-justification-stretch is-layout-flex wp-container-core-group-is-layout-47eb2bc5 wp-block-group-is-layout-flex\" style=\"min-height:40vh;margin-top:0;margin-bottom:0;padding-top:var(--wp--preset--spacing--60);padding-right:var(--wp--preset--spacing--40);padding-bottom:var(--wp--preset--spacing--60);padding-left:var(--wp--preset--spacing--40)\">\n<div class=\"wp-block-columns alignwide has-small-font-size is-layout-flex wp-container-core-columns-is-layout-9d6595d7 wp-block-columns-is-layout-flex\">\n<div class=\"wp-block-column is-layout-flow wp-block-column-is-layout-flow\">\n<p class=\"has-text-align-center\">Adresse<\/p>\n\n\n\n<p class=\"has-text-align-center\">Rue Aubin Edmond&nbsp;<br>Quartier Case Navire<br>97233 Schoelcher<\/p>\n\n\n\n<div style=\"height:24px\" aria-hidden=\"true\" class=\"wp-block-spacer\"><\/div>\n<\/div>\n\n\n\n<div class=\"wp-block-column is-layout-flow wp-block-column-is-layout-flow\">\n<p class=\"has-text-align-center\">Pages<\/p>\n\n\n<nav class=\"has-small-font-size items-justified-center is-vertical no-wrap wp-block-navigation is-content-justification-center is-nowrap is-layout-flex wp-container-core-navigation-is-layout-685400d0 wp-block-navigation-is-layout-flex\" aria-label=\"Navigation\"><ul class=\"wp-block-navigation__container has-small-font-size items-justified-center is-vertical no-wrap wp-block-navigation has-small-font-size\"><ul class=\"has-small-font-size wp-block-page-list\"><li class=\"wp-block-pages-list__item wp-block-navigation-item open-on-hover-click\"><a class=\"wp-block-pages-list__item__link wp-block-navigation-item__content\" href=\"https:\/\/anaclet.tmp26.iutn.o2switch.site\/module_2_wordpress\/SkillFor\/accueil\/\">Accueil<\/a><\/li><li class=\"wp-block-pages-list__item wp-block-navigation-item open-on-hover-click\"><a class=\"wp-block-pages-list__item__link wp-block-navigation-item__content\" href=\"https:\/\/anaclet.tmp26.iutn.o2switch.site\/module_2_wordpress\/SkillFor\/cfa\/\">CFA<\/a><\/li><li data-wp-context=\"{ &quot;submenuOpenedBy&quot;: { &quot;click&quot;: false, &quot;hover&quot;: false, &quot;focus&quot;: false }, &quot;type&quot;: &quot;submenu&quot;, &quot;modal&quot;: null, &quot;previousFocus&quot;: null }\" data-wp-interactive=\"core\/navigation\" data-wp-on--focusout=\"actions.handleMenuFocusout\" data-wp-on--keydown=\"actions.handleMenuKeydown\" data-wp-on--mouseenter=\"actions.openMenuOnHover\" data-wp-on--mouseleave=\"actions.closeMenuOnHover\" data-wp-watch=\"callbacks.initMenu\" tabindex=\"-1\" class=\"wp-block-pages-list__item has-child wp-block-navigation-item open-on-hover-click\"><a class=\"wp-block-pages-list__item__link wp-block-navigation-item__content\" href=\"https:\/\/anaclet.tmp26.iutn.o2switch.site\/module_2_wordpress\/SkillFor\/formation-continue\/\">Formation continue<\/a><button data-wp-bind--aria-expanded=\"state.isMenuOpen\" data-wp-on--click=\"actions.toggleMenuOnClick\" aria-label=\"Sous-menu Formation continue\" class=\"wp-block-navigation__submenu-icon wp-block-navigation-submenu__toggle\" ><svg xmlns=\"http:\/\/www.w3.org\/2000\/svg\" width=\"12\" height=\"12\" viewBox=\"0 0 12 12\" fill=\"none\" aria-hidden=\"true\" focusable=\"false\"><path d=\"M1.50002 4L6.00002 8L10.5 4\" stroke-width=\"1.5\"><\/path><\/svg><\/button><ul data-wp-on--focus=\"actions.openMenuOnFocus\" class=\"wp-block-navigation__submenu-container\"><li class=\"wp-block-pages-list__item wp-block-navigation-item open-on-hover-click \"><a class=\"wp-block-pages-list__item__link wp-block-navigation-item__content\" href=\"https:\/\/anaclet.tmp26.iutn.o2switch.site\/module_2_wordpress\/SkillFor\/formation-continue\/blog\/\">Blog<\/a><\/li><li class=\"wp-block-pages-list__item wp-block-navigation-item open-on-hover-click \"><a class=\"wp-block-pages-list__item__link wp-block-navigation-item__content\" href=\"https:\/\/anaclet.tmp26.iutn.o2switch.site\/module_2_wordpress\/SkillFor\/formation-continue\/contact-demande-de-devis\/\">Contact-demande de devis<\/a><\/li><li class=\"wp-block-pages-list__item wp-block-navigation-item open-on-hover-click \"><a class=\"wp-block-pages-list__item__link wp-block-navigation-item__content\" href=\"https:\/\/anaclet.tmp26.iutn.o2switch.site\/module_2_wordpress\/SkillFor\/formation-continue\/financement\/\">Financement<\/a><\/li><li data-wp-context=\"{ &quot;submenuOpenedBy&quot;: { &quot;click&quot;: false, &quot;hover&quot;: false, &quot;focus&quot;: false }, &quot;type&quot;: &quot;submenu&quot;, &quot;modal&quot;: null, &quot;previousFocus&quot;: null }\" data-wp-interactive=\"core\/navigation\" data-wp-on--focusout=\"actions.handleMenuFocusout\" data-wp-on--keydown=\"actions.handleMenuKeydown\" data-wp-on--mouseenter=\"actions.openMenuOnHover\" data-wp-on--mouseleave=\"actions.closeMenuOnHover\" data-wp-watch=\"callbacks.initMenu\" tabindex=\"-1\" class=\"wp-block-pages-list__item has-child wp-block-navigation-item open-on-hover-click \"><a class=\"wp-block-pages-list__item__link wp-block-navigation-item__content\" href=\"https:\/\/anaclet.tmp26.iutn.o2switch.site\/module_2_wordpress\/SkillFor\/formation-continue\/formations\/\">Formations<\/a><button data-wp-bind--aria-expanded=\"state.isMenuOpen\" data-wp-on--click=\"actions.toggleMenuOnClick\" aria-label=\"Sous-menu Formations\" class=\"wp-block-navigation__submenu-icon wp-block-navigation-submenu__toggle\" ><svg xmlns=\"http:\/\/www.w3.org\/2000\/svg\" width=\"12\" height=\"12\" viewBox=\"0 0 12 12\" fill=\"none\" aria-hidden=\"true\" focusable=\"false\"><path d=\"M1.50002 4L6.00002 8L10.5 4\" stroke-width=\"1.5\"><\/path><\/svg><\/button><ul data-wp-on--focus=\"actions.openMenuOnFocus\" class=\"wp-block-navigation__submenu-container\"><li data-wp-context=\"{ &quot;submenuOpenedBy&quot;: { &quot;click&quot;: false, &quot;hover&quot;: false, &quot;focus&quot;: false }, &quot;type&quot;: &quot;submenu&quot;, &quot;modal&quot;: null, &quot;previousFocus&quot;: null }\" data-wp-interactive=\"core\/navigation\" data-wp-on--focusout=\"actions.handleMenuFocusout\" data-wp-on--keydown=\"actions.handleMenuKeydown\" data-wp-on--mouseenter=\"actions.openMenuOnHover\" data-wp-on--mouseleave=\"actions.closeMenuOnHover\" data-wp-watch=\"callbacks.initMenu\" tabindex=\"-1\" class=\"wp-block-pages-list__item has-child wp-block-navigation-item open-on-hover-click \"><a class=\"wp-block-pages-list__item__link wp-block-navigation-item__content\" href=\"https:\/\/anaclet.tmp26.iutn.o2switch.site\/module_2_wordpress\/SkillFor\/formation-continue\/formations\/commerce-achat-international\/\">Commerce achat international<\/a><button data-wp-bind--aria-expanded=\"state.isMenuOpen\" data-wp-on--click=\"actions.toggleMenuOnClick\" aria-label=\"Sous-menu Commerce achat international\" class=\"wp-block-navigation__submenu-icon wp-block-navigation-submenu__toggle\" ><svg xmlns=\"http:\/\/www.w3.org\/2000\/svg\" width=\"12\" height=\"12\" viewBox=\"0 0 12 12\" fill=\"none\" aria-hidden=\"true\" focusable=\"false\"><path d=\"M1.50002 4L6.00002 8L10.5 4\" stroke-width=\"1.5\"><\/path><\/svg><\/button><ul data-wp-on--focus=\"actions.openMenuOnFocus\" class=\"wp-block-navigation__submenu-container\"><li class=\"wp-block-pages-list__item wp-block-navigation-item open-on-hover-click \"><a class=\"wp-block-pages-list__item__link wp-block-navigation-item__content\" href=\"https:\/\/anaclet.tmp26.iutn.o2switch.site\/module_2_wordpress\/SkillFor\/formation-continue\/formations\/commerce-achat-international\/employe-polyvalent-du-commerce-et-de-la-distribution\/\">Employ\u00e9 polyvalent du commerce et de la distribution<\/a><\/li><\/ul><\/li><li data-wp-context=\"{ &quot;submenuOpenedBy&quot;: { &quot;click&quot;: false, &quot;hover&quot;: false, &quot;focus&quot;: false }, &quot;type&quot;: &quot;submenu&quot;, &quot;modal&quot;: null, &quot;previousFocus&quot;: null }\" data-wp-interactive=\"core\/navigation\" data-wp-on--focusout=\"actions.handleMenuFocusout\" data-wp-on--keydown=\"actions.handleMenuKeydown\" data-wp-on--mouseenter=\"actions.openMenuOnHover\" data-wp-on--mouseleave=\"actions.closeMenuOnHover\" data-wp-watch=\"callbacks.initMenu\" tabindex=\"-1\" class=\"wp-block-pages-list__item has-child wp-block-navigation-item open-on-hover-click \"><a class=\"wp-block-pages-list__item__link wp-block-navigation-item__content\" href=\"https:\/\/anaclet.tmp26.iutn.o2switch.site\/module_2_wordpress\/SkillFor\/formation-continue\/formations\/digital-et-numerique\/\">Digital et num\u00e9rique<\/a><button data-wp-bind--aria-expanded=\"state.isMenuOpen\" data-wp-on--click=\"actions.toggleMenuOnClick\" aria-label=\"Sous-menu Digital et num\u00e9rique\" class=\"wp-block-navigation__submenu-icon wp-block-navigation-submenu__toggle\" ><svg xmlns=\"http:\/\/www.w3.org\/2000\/svg\" width=\"12\" height=\"12\" viewBox=\"0 0 12 12\" fill=\"none\" aria-hidden=\"true\" focusable=\"false\"><path d=\"M1.50002 4L6.00002 8L10.5 4\" stroke-width=\"1.5\"><\/path><\/svg><\/button><ul data-wp-on--focus=\"actions.openMenuOnFocus\" class=\"wp-block-navigation__submenu-container\"><li class=\"wp-block-pages-list__item wp-block-navigation-item open-on-hover-click \"><a class=\"wp-block-pages-list__item__link wp-block-navigation-item__content\" href=\"https:\/\/anaclet.tmp26.iutn.o2switch.site\/module_2_wordpress\/SkillFor\/formation-continue\/formations\/digital-et-numerique\/gerer-et-animer-ses-reseaux-sociaux\/\">G\u00e9rer et animer ses r\u00e9seaux sociaux<\/a><\/li><\/ul><\/li><li data-wp-context=\"{ &quot;submenuOpenedBy&quot;: { &quot;click&quot;: false, &quot;hover&quot;: false, &quot;focus&quot;: false }, &quot;type&quot;: &quot;submenu&quot;, &quot;modal&quot;: null, &quot;previousFocus&quot;: null }\" data-wp-interactive=\"core\/navigation\" data-wp-on--focusout=\"actions.handleMenuFocusout\" data-wp-on--keydown=\"actions.handleMenuKeydown\" data-wp-on--mouseenter=\"actions.openMenuOnHover\" data-wp-on--mouseleave=\"actions.closeMenuOnHover\" data-wp-watch=\"callbacks.initMenu\" tabindex=\"-1\" class=\"wp-block-pages-list__item has-child wp-block-navigation-item open-on-hover-click \"><a class=\"wp-block-pages-list__item__link wp-block-navigation-item__content\" href=\"https:\/\/anaclet.tmp26.iutn.o2switch.site\/module_2_wordpress\/SkillFor\/formation-continue\/formations\/management\/\">Management<\/a><button data-wp-bind--aria-expanded=\"state.isMenuOpen\" data-wp-on--click=\"actions.toggleMenuOnClick\" aria-label=\"Sous-menu Management\" class=\"wp-block-navigation__submenu-icon wp-block-navigation-submenu__toggle\" ><svg xmlns=\"http:\/\/www.w3.org\/2000\/svg\" width=\"12\" height=\"12\" viewBox=\"0 0 12 12\" fill=\"none\" aria-hidden=\"true\" focusable=\"false\"><path d=\"M1.50002 4L6.00002 8L10.5 4\" stroke-width=\"1.5\"><\/path><\/svg><\/button><ul data-wp-on--focus=\"actions.openMenuOnFocus\" class=\"wp-block-navigation__submenu-container\"><li class=\"wp-block-pages-list__item wp-block-navigation-item open-on-hover-click \"><a class=\"wp-block-pages-list__item__link wp-block-navigation-item__content\" href=\"https:\/\/anaclet.tmp26.iutn.o2switch.site\/module_2_wordpress\/SkillFor\/formation-continue\/formations\/management\/cce-manager-une-equipe\/\">CCE &#8211; Manager une \u00e9quipe<\/a><\/li><\/ul><\/li><li data-wp-context=\"{ &quot;submenuOpenedBy&quot;: { &quot;click&quot;: false, &quot;hover&quot;: false, &quot;focus&quot;: false }, &quot;type&quot;: &quot;submenu&quot;, &quot;modal&quot;: null, &quot;previousFocus&quot;: null }\" data-wp-interactive=\"core\/navigation\" data-wp-on--focusout=\"actions.handleMenuFocusout\" data-wp-on--keydown=\"actions.handleMenuKeydown\" data-wp-on--mouseenter=\"actions.openMenuOnHover\" data-wp-on--mouseleave=\"actions.closeMenuOnHover\" data-wp-watch=\"callbacks.initMenu\" tabindex=\"-1\" class=\"wp-block-pages-list__item has-child wp-block-navigation-item open-on-hover-click \"><a class=\"wp-block-pages-list__item__link wp-block-navigation-item__content\" href=\"https:\/\/anaclet.tmp26.iutn.o2switch.site\/module_2_wordpress\/SkillFor\/formation-continue\/formations\/marketing-et-relation-client\/\">Marketing et relation client<\/a><button data-wp-bind--aria-expanded=\"state.isMenuOpen\" data-wp-on--click=\"actions.toggleMenuOnClick\" aria-label=\"Sous-menu Marketing et relation client\" class=\"wp-block-navigation__submenu-icon wp-block-navigation-submenu__toggle\" ><svg xmlns=\"http:\/\/www.w3.org\/2000\/svg\" width=\"12\" height=\"12\" viewBox=\"0 0 12 12\" fill=\"none\" aria-hidden=\"true\" focusable=\"false\"><path d=\"M1.50002 4L6.00002 8L10.5 4\" stroke-width=\"1.5\"><\/path><\/svg><\/button><ul data-wp-on--focus=\"actions.openMenuOnFocus\" class=\"wp-block-navigation__submenu-container\"><li class=\"wp-block-pages-list__item wp-block-navigation-item open-on-hover-click \"><a class=\"wp-block-pages-list__item__link wp-block-navigation-item__content\" href=\"https:\/\/anaclet.tmp26.iutn.o2switch.site\/module_2_wordpress\/SkillFor\/formation-continue\/formations\/marketing-et-relation-client\/cce-maitriser-les-techniques-de-vente-et-de-negociation\/\">CCE &#8211; Maitriser les techniques de vente et de n\u00e9gociation<\/a><\/li><\/ul><\/li><\/ul><\/li><\/ul><\/li><li class=\"wp-block-pages-list__item wp-block-navigation-item open-on-hover-click\"><a class=\"wp-block-pages-list__item__link wp-block-navigation-item__content\" href=\"https:\/\/anaclet.tmp26.iutn.o2switch.site\/module_2_wordpress\/SkillFor\/lp-e-commerce-et-marketing-numerique\/\">Lp e-commerce et marketing num\u00e9rique<\/a><\/li><\/ul><\/ul><\/nav>\n\n\n<div style=\"height:24px\" aria-hidden=\"true\" class=\"wp-block-spacer\"><\/div>\n<\/div>\n\n\n\n<div class=\"wp-block-column is-layout-flow wp-block-column-is-layout-flow\">\n<p class=\"has-text-align-center\">Suivez-nous<\/p>\n\n\n\n<div class=\"wp-block-group is-vertical is-content-justification-center is-layout-flex wp-container-core-group-is-layout-bdd043ae wp-block-group-is-layout-flex\">\n<p><a href=\"https:\/\/www.facebook.com\/share\/1Gx8jJQvjH\/\">Facebook<\/a><\/p>\n\n\n\n<p><a href=\"https:\/\/www.instagram.com\/skillforcampus\/\" data-type=\"link\" data-id=\"https:\/\/www.instagram.com\/skillforcampus\/\">Instagram<\/a><\/p>\n\n\n\n<p><a href=\"https:\/\/www.linkedin.com\/company\/skillfor-campus972\/posts\/\">LinkedIn<\/a><\/p>\n<\/div>\n\n\n\n<div style=\"height:24px\" aria-hidden=\"true\" class=\"wp-block-spacer\"><\/div>\n<\/div>\n<\/div>\n\n\n\n<div class=\"wp-block-group alignwide is-content-justification-center is-layout-flex wp-container-core-group-is-layout-5590e8cb wp-block-group-is-layout-flex\">\n<p class=\"has-text-align-center has-small-font-size\"> Proudly powered by <a rel=\"nofollow\" href=\"https:\/\/wordpress.org\">WordPress<\/a> <\/p>\n<\/div>\n<\/div>\n","protected":false},"excerpt":{"rendered":"<p>R\u00e9f\u00e9rent cybers\u00e9curit\u00e9 en TPE\/PME Deviens l\u2019acteur cl\u00e9 de la protection num\u00e9rique de ton entreprise. Cette formation t\u2019apprend \u00e0 pr\u00e9venir les cyberattaques, s\u00e9curiser les syst\u00e8mes et sensibiliser les \u00e9quipes. Une comp\u00e9tence aujourd\u2019hui indispensable face aux menaces digitales. Piloter la mise en conformit\u00e9 RGPD en TPE\/PME Apprends \u00e0 prot\u00e9ger les donn\u00e9es de ton entreprise et \u00e0 respecter [&hellip;]<\/p>\n","protected":false},"author":1,"featured_media":0,"parent":40,"menu_order":0,"comment_status":"closed","ping_status":"closed","template":"","meta":{"footnotes":""},"class_list":["post-44","page","type-page","status-publish","hentry"],"_links":{"self":[{"href":"https:\/\/anaclet.tmp26.iutn.o2switch.site\/module_2_wordpress\/SkillFor\/wp-json\/wp\/v2\/pages\/44","targetHints":{"allow":["GET"]}}],"collection":[{"href":"https:\/\/anaclet.tmp26.iutn.o2switch.site\/module_2_wordpress\/SkillFor\/wp-json\/wp\/v2\/pages"}],"about":[{"href":"https:\/\/anaclet.tmp26.iutn.o2switch.site\/module_2_wordpress\/SkillFor\/wp-json\/wp\/v2\/types\/page"}],"author":[{"embeddable":true,"href":"https:\/\/anaclet.tmp26.iutn.o2switch.site\/module_2_wordpress\/SkillFor\/wp-json\/wp\/v2\/users\/1"}],"replies":[{"embeddable":true,"href":"https:\/\/anaclet.tmp26.iutn.o2switch.site\/module_2_wordpress\/SkillFor\/wp-json\/wp\/v2\/comments?post=44"}],"version-history":[{"count":8,"href":"https:\/\/anaclet.tmp26.iutn.o2switch.site\/module_2_wordpress\/SkillFor\/wp-json\/wp\/v2\/pages\/44\/revisions"}],"predecessor-version":[{"id":249,"href":"https:\/\/anaclet.tmp26.iutn.o2switch.site\/module_2_wordpress\/SkillFor\/wp-json\/wp\/v2\/pages\/44\/revisions\/249"}],"up":[{"embeddable":true,"href":"https:\/\/anaclet.tmp26.iutn.o2switch.site\/module_2_wordpress\/SkillFor\/wp-json\/wp\/v2\/pages\/40"}],"wp:attachment":[{"href":"https:\/\/anaclet.tmp26.iutn.o2switch.site\/module_2_wordpress\/SkillFor\/wp-json\/wp\/v2\/media?parent=44"}],"curies":[{"name":"wp","href":"https:\/\/api.w.org\/{rel}","templated":true}]}}