{"id":6,"date":"2026-01-19T19:18:06","date_gmt":"2026-01-19T18:18:06","guid":{"rendered":"http:\/\/anaclet.tmp26.iutn.o2switch.site\/module_2_wordpress\/SkillFor\/?page_id=6"},"modified":"2026-01-23T00:56:48","modified_gmt":"2026-01-22T23:56:48","slug":"financement","status":"publish","type":"page","link":"https:\/\/anaclet.tmp26.iutn.o2switch.site\/module_2_wordpress\/SkillFor\/formation-continue\/financement\/","title":{"rendered":"Financement"},"content":{"rendered":"\n<figure class=\"wp-block-image size-large\"><img loading=\"lazy\" decoding=\"async\" width=\"1024\" height=\"326\" src=\"http:\/\/anaclet.tmp26.iutn.o2switch.site\/module_2_wordpress\/SkillFor\/wp-content\/uploads\/2026\/01\/Capture-decran-2026-01-22-174750-1024x326.png\" alt=\"\" class=\"wp-image-153\" srcset=\"https:\/\/anaclet.tmp26.iutn.o2switch.site\/module_2_wordpress\/SkillFor\/wp-content\/uploads\/2026\/01\/Capture-decran-2026-01-22-174750-1024x326.png 1024w, https:\/\/anaclet.tmp26.iutn.o2switch.site\/module_2_wordpress\/SkillFor\/wp-content\/uploads\/2026\/01\/Capture-decran-2026-01-22-174750-300x96.png 300w, https:\/\/anaclet.tmp26.iutn.o2switch.site\/module_2_wordpress\/SkillFor\/wp-content\/uploads\/2026\/01\/Capture-decran-2026-01-22-174750-768x245.png 768w, https:\/\/anaclet.tmp26.iutn.o2switch.site\/module_2_wordpress\/SkillFor\/wp-content\/uploads\/2026\/01\/Capture-decran-2026-01-22-174750.png 1412w\" sizes=\"auto, (max-width: 1024px) 100vw, 1024px\" \/><\/figure>\n\n\n\n<div style=\"height:100px\" aria-hidden=\"true\" class=\"wp-block-spacer\"><\/div>\n\n\n\n<div class=\"wp-block-columns is-layout-flex wp-container-core-columns-is-layout-9d6595d7 wp-block-columns-is-layout-flex\">\n<div class=\"wp-block-column is-layout-flow wp-block-column-is-layout-flow\">\n<figure class=\"wp-block-image size-full\"><img loading=\"lazy\" decoding=\"async\" width=\"606\" height=\"361\" src=\"https:\/\/anaclet.tmp26.iutn.o2switch.site\/module_2_wordpress\/SkillFor\/wp-content\/uploads\/2026\/01\/demandeur-demploi.png\" alt=\"\" class=\"wp-image-155\" srcset=\"https:\/\/anaclet.tmp26.iutn.o2switch.site\/module_2_wordpress\/SkillFor\/wp-content\/uploads\/2026\/01\/demandeur-demploi.png 606w, https:\/\/anaclet.tmp26.iutn.o2switch.site\/module_2_wordpress\/SkillFor\/wp-content\/uploads\/2026\/01\/demandeur-demploi-300x179.png 300w\" sizes=\"auto, (max-width: 606px) 100vw, 606px\" \/><\/figure>\n\n\n\n<div style=\"height:10px\" aria-hidden=\"true\" class=\"wp-block-spacer\"><\/div>\n\n\n\n<h5 class=\"wp-block-heading has-text-align-center\"><strong>Les demandeurs d&#8217;emplois<\/strong><\/h5>\n\n\n\n<p>Votre formation peut-\u00eatre financ\u00e9e par France Travail. Cependant, si vous avez entre 16 et 25 ans, il vous faudra vous rapprocher de la mission locale de votre secteur.<\/p>\n<\/div>\n\n\n\n<div class=\"wp-block-column is-layout-flow wp-block-column-is-layout-flow\"><div class=\"wp-block-image\">\n<figure class=\"aligncenter size-full is-resized\"><img loading=\"lazy\" decoding=\"async\" width=\"587\" height=\"398\" src=\"https:\/\/anaclet.tmp26.iutn.o2switch.site\/module_2_wordpress\/SkillFor\/wp-content\/uploads\/2026\/01\/chef-1.png\" alt=\"\" class=\"wp-image-166\" style=\"aspect-ratio:1.4748887476160204;width:227px;height:auto\" srcset=\"https:\/\/anaclet.tmp26.iutn.o2switch.site\/module_2_wordpress\/SkillFor\/wp-content\/uploads\/2026\/01\/chef-1.png 587w, https:\/\/anaclet.tmp26.iutn.o2switch.site\/module_2_wordpress\/SkillFor\/wp-content\/uploads\/2026\/01\/chef-1-300x203.png 300w\" sizes=\"auto, (max-width: 587px) 100vw, 587px\" \/><\/figure>\n<\/div>\n\n\n<div style=\"height:10px\" aria-hidden=\"true\" class=\"wp-block-spacer\"><\/div>\n\n\n\n<h5 class=\"wp-block-heading has-text-align-center\">Les <strong>chefs d&rsquo;entreprises<\/strong><\/h5>\n\n\n\n<p>Vous pouvez faire appel \u00e0 l&rsquo;Association de Gestion du Financement des chefs d&rsquo;Entreprise (AGEFICE).<\/p>\n\n\n\n<p>Pour toute information, contactez AGEFICE au 0596 70 05 72.&nbsp;Site internet : <a href=\"https:\/\/cpmemartinique.com\/agefice-2\">https:\/\/cpmemartinique.com\/agefice-2<\/a>. <\/p>\n\n\n\n<p>Adresse : Route du Vieux Moulin Didier 97200 Fort-de-France&nbsp;&nbsp;<\/p>\n<\/div>\n\n\n\n<div class=\"wp-block-column is-layout-flow wp-block-column-is-layout-flow\">\n<figure class=\"wp-block-image size-full is-resized\"><img loading=\"lazy\" decoding=\"async\" width=\"590\" height=\"397\" src=\"https:\/\/anaclet.tmp26.iutn.o2switch.site\/module_2_wordpress\/SkillFor\/wp-content\/uploads\/2026\/01\/sala-1.png\" alt=\"\" class=\"wp-image-165\" style=\"aspect-ratio:1.4862276464107127;width:230px;height:auto\" srcset=\"https:\/\/anaclet.tmp26.iutn.o2switch.site\/module_2_wordpress\/SkillFor\/wp-content\/uploads\/2026\/01\/sala-1.png 590w, https:\/\/anaclet.tmp26.iutn.o2switch.site\/module_2_wordpress\/SkillFor\/wp-content\/uploads\/2026\/01\/sala-1-300x202.png 300w\" sizes=\"auto, (max-width: 590px) 100vw, 590px\" \/><\/figure>\n\n\n\n<div style=\"height:10px\" aria-hidden=\"true\" class=\"wp-block-spacer\"><\/div>\n\n\n\n<h5 class=\"wp-block-heading has-text-align-center\">Les <strong>salari\u00e9s<\/strong><\/h5>\n\n\n\n<p>Rapprochez-vous de votre employeur qui, \u00e0 l&rsquo;aide de l&rsquo;Op\u00e9rateur de Comp\u00e9tence de l&rsquo;entreprise (OPCO), pourra vous permettre de financer votre mont\u00e9e en comp\u00e9tence.&nbsp;<\/p>\n<\/div>\n<\/div>\n\n\n\n<div class=\"wp-block-columns is-layout-flex wp-container-core-columns-is-layout-9d6595d7 wp-block-columns-is-layout-flex\">\n<div class=\"wp-block-column is-layout-flow wp-block-column-is-layout-flow\"><div class=\"wp-block-image\">\n<figure class=\"aligncenter size-full is-resized\"><img loading=\"lazy\" decoding=\"async\" width=\"587\" height=\"393\" src=\"https:\/\/anaclet.tmp26.iutn.o2switch.site\/module_2_wordpress\/SkillFor\/wp-content\/uploads\/2026\/01\/inde-1.png\" alt=\"\" class=\"wp-image-168\" style=\"aspect-ratio:0.9867762084294638;object-fit:cover;width:167px;height:auto\" srcset=\"https:\/\/anaclet.tmp26.iutn.o2switch.site\/module_2_wordpress\/SkillFor\/wp-content\/uploads\/2026\/01\/inde-1.png 587w, https:\/\/anaclet.tmp26.iutn.o2switch.site\/module_2_wordpress\/SkillFor\/wp-content\/uploads\/2026\/01\/inde-1-300x201.png 300w\" sizes=\"auto, (max-width: 587px) 100vw, 587px\" \/><\/figure>\n<\/div>\n\n\n<div style=\"height:10px\" aria-hidden=\"true\" class=\"wp-block-spacer\"><\/div>\n\n\n\n<h5 class=\"wp-block-heading has-text-align-center\"><strong>Les ind\u00e9pendant<\/strong>s<\/h5>\n\n\n\n<p>Passer par l\u2019un des Fonds d\u2019Assurance Formation (FAF) des travailleurs ind\u00e9pendant dont d\u00e9pend votre activit\u00e9.&nbsp;Exemple\u202f: pour les professions lib\u00e9rales, le Fonds Interprofessionnel de Formation des Professionnels Lib\u00e9raux (FIF-PL)\u202f; pour les artistes auteurs, le Fond d\u2019assurance&nbsp;formation des secteurs de la culture, de la communication et des loisirs (AFDAS)<\/p>\n<\/div>\n\n\n\n<div class=\"wp-block-column is-layout-flow wp-block-column-is-layout-flow\">\n<figure class=\"wp-block-image size-full\"><img loading=\"lazy\" decoding=\"async\" width=\"387\" height=\"262\" src=\"https:\/\/anaclet.tmp26.iutn.o2switch.site\/module_2_wordpress\/SkillFor\/wp-content\/uploads\/2026\/01\/han.png\" alt=\"\" class=\"wp-image-159\" style=\"aspect-ratio:1.4772133771375622\" srcset=\"https:\/\/anaclet.tmp26.iutn.o2switch.site\/module_2_wordpress\/SkillFor\/wp-content\/uploads\/2026\/01\/han.png 387w, https:\/\/anaclet.tmp26.iutn.o2switch.site\/module_2_wordpress\/SkillFor\/wp-content\/uploads\/2026\/01\/han-300x203.png 300w\" sizes=\"auto, (max-width: 387px) 100vw, 387px\" \/><\/figure>\n\n\n\n<div style=\"height:10px\" aria-hidden=\"true\" class=\"wp-block-spacer\"><\/div>\n\n\n\n<h5 class=\"wp-block-heading has-text-align-center\">Les personnes <strong>en situation d\u2019handicap<\/strong><\/h5>\n\n\n\n<p>L&rsquo;association de Gestion du Financement des Personnes en situation de Handicap (l&rsquo;AGEFIPH) vous accompagnera dans la d\u00e9finition de votre projet et son financement.&nbsp;Site internet : <a href=\"https:\/\/www.agefiph.fr\/antilles-guyane\">https:\/\/www.agefiph.fr\/antilles-guyane<\/a>.<\/p>\n\n\n\n<p>Adresse : 2, Avenue des Arawaks Immeuble Eole 1 97200 Fort-De-France&nbsp;<\/p>\n<\/div>\n\n\n\n<div class=\"wp-block-column is-layout-flow wp-block-column-is-layout-flow\">\n<figure class=\"wp-block-image size-full is-resized\"><img loading=\"lazy\" decoding=\"async\" width=\"512\" height=\"381\" src=\"https:\/\/anaclet.tmp26.iutn.o2switch.site\/module_2_wordpress\/SkillFor\/wp-content\/uploads\/2026\/01\/reco.png\" alt=\"\" class=\"wp-image-160\" style=\"aspect-ratio:1.3439607602697732;width:234px;height:auto\" srcset=\"https:\/\/anaclet.tmp26.iutn.o2switch.site\/module_2_wordpress\/SkillFor\/wp-content\/uploads\/2026\/01\/reco.png 512w, https:\/\/anaclet.tmp26.iutn.o2switch.site\/module_2_wordpress\/SkillFor\/wp-content\/uploads\/2026\/01\/reco-300x223.png 300w\" sizes=\"auto, (max-width: 512px) 100vw, 512px\" \/><\/figure>\n\n\n\n<div style=\"height:10px\" aria-hidden=\"true\" class=\"wp-block-spacer\"><\/div>\n\n\n\n<h5 class=\"wp-block-heading has-text-align-center\"><strong>Un projet de reconversion\u202f?<\/strong><\/h5>\n\n\n\n<p>Le Cong\u00e9 de Transitions Professionnelles (CTP) vous permettra de faire \u00e9voluer votre arri\u00e8re ou changer de m\u00e9tier. Pour toute information, contactez Transition pro au 0596 38 29 42.&nbsp;<\/p>\n\n\n\n<p>Site internet : <a href=\"https:\/\/www.transitionspro-martinique.fr\">https:\/\/www.transitionspro-martinique.fr<\/a>. Adresse : avenue Louis Domergue Domaine de Montg\u00e9rald 97200 Fort de France&nbsp;<\/p>\n<\/div>\n<\/div>\n\n\n\n<div style=\"height:100px\" aria-hidden=\"true\" class=\"wp-block-spacer\"><\/div>\n\n\n\n<figure class=\"wp-block-embed is-type-video is-provider-youtube wp-block-embed-youtube wp-embed-aspect-16-9 wp-has-aspect-ratio\"><div class=\"wp-block-embed__wrapper\">\n<iframe loading=\"lazy\" title=\"Comment financer ma formation professionnelle ?\" width=\"1200\" height=\"675\" src=\"https:\/\/www.youtube.com\/embed\/r5p5HhFZC3o?feature=oembed\" frameborder=\"0\" allow=\"accelerometer; autoplay; clipboard-write; encrypted-media; gyroscope; picture-in-picture; web-share\" referrerpolicy=\"strict-origin-when-cross-origin\" allowfullscreen><\/iframe>\n<\/div><\/figure>\n\n\n\n<div style=\"height:100px\" aria-hidden=\"true\" class=\"wp-block-spacer\"><\/div>\n\n\n\n<div class=\"wp-block-group alignfull has-background-color has-white-color has-black-background-color has-text-color has-background has-link-color wp-elements-b6dad606952df3985aad7f109d528e97 is-vertical is-content-justification-stretch is-layout-flex wp-container-core-group-is-layout-47eb2bc5 wp-block-group-is-layout-flex\" style=\"min-height:40vh;margin-top:0;margin-bottom:0;padding-top:var(--wp--preset--spacing--60);padding-right:var(--wp--preset--spacing--40);padding-bottom:var(--wp--preset--spacing--60);padding-left:var(--wp--preset--spacing--40)\">\n<div class=\"wp-block-columns alignwide has-small-font-size is-layout-flex wp-container-core-columns-is-layout-9d6595d7 wp-block-columns-is-layout-flex\">\n<div class=\"wp-block-column is-layout-flow wp-block-column-is-layout-flow\">\n<p class=\"has-text-align-center\">Adresse<\/p>\n\n\n\n<p class=\"has-text-align-center\">Rue Aubin Edmond&nbsp;<br>Quartier Case Navire<br>97233 Schoelcher<\/p>\n\n\n\n<div style=\"height:24px\" aria-hidden=\"true\" class=\"wp-block-spacer\"><\/div>\n<\/div>\n\n\n\n<div class=\"wp-block-column is-layout-flow wp-block-column-is-layout-flow\">\n<p class=\"has-text-align-center\">Pages<\/p>\n\n\n<nav class=\"has-small-font-size items-justified-center is-vertical no-wrap wp-block-navigation is-content-justification-center is-nowrap is-layout-flex wp-container-core-navigation-is-layout-685400d0 wp-block-navigation-is-layout-flex\" aria-label=\"Navigation\"><ul class=\"wp-block-navigation__container has-small-font-size items-justified-center is-vertical no-wrap wp-block-navigation has-small-font-size\"><ul class=\"has-small-font-size wp-block-page-list\"><li class=\"wp-block-pages-list__item wp-block-navigation-item open-on-hover-click\"><a class=\"wp-block-pages-list__item__link wp-block-navigation-item__content\" href=\"https:\/\/anaclet.tmp26.iutn.o2switch.site\/module_2_wordpress\/SkillFor\/accueil\/\">Accueil<\/a><\/li><li class=\"wp-block-pages-list__item wp-block-navigation-item open-on-hover-click\"><a class=\"wp-block-pages-list__item__link wp-block-navigation-item__content\" href=\"https:\/\/anaclet.tmp26.iutn.o2switch.site\/module_2_wordpress\/SkillFor\/cfa\/\">CFA<\/a><\/li><li data-wp-context=\"{ &quot;submenuOpenedBy&quot;: { &quot;click&quot;: false, &quot;hover&quot;: false, &quot;focus&quot;: false }, &quot;type&quot;: &quot;submenu&quot;, &quot;modal&quot;: null, &quot;previousFocus&quot;: null }\" data-wp-interactive=\"core\/navigation\" data-wp-on--focusout=\"actions.handleMenuFocusout\" data-wp-on--keydown=\"actions.handleMenuKeydown\" data-wp-on--mouseenter=\"actions.openMenuOnHover\" data-wp-on--mouseleave=\"actions.closeMenuOnHover\" data-wp-watch=\"callbacks.initMenu\" tabindex=\"-1\" class=\"wp-block-pages-list__item has-child wp-block-navigation-item open-on-hover-click\"><a class=\"wp-block-pages-list__item__link wp-block-navigation-item__content\" href=\"https:\/\/anaclet.tmp26.iutn.o2switch.site\/module_2_wordpress\/SkillFor\/formation-continue\/\">Formation continue<\/a><button data-wp-bind--aria-expanded=\"state.isMenuOpen\" data-wp-on--click=\"actions.toggleMenuOnClick\" aria-label=\"Sous-menu Formation continue\" class=\"wp-block-navigation__submenu-icon wp-block-navigation-submenu__toggle\" ><svg xmlns=\"http:\/\/www.w3.org\/2000\/svg\" width=\"12\" height=\"12\" viewBox=\"0 0 12 12\" fill=\"none\" aria-hidden=\"true\" focusable=\"false\"><path d=\"M1.50002 4L6.00002 8L10.5 4\" stroke-width=\"1.5\"><\/path><\/svg><\/button><ul data-wp-on--focus=\"actions.openMenuOnFocus\" class=\"wp-block-navigation__submenu-container\"><li class=\"wp-block-pages-list__item wp-block-navigation-item open-on-hover-click \"><a class=\"wp-block-pages-list__item__link wp-block-navigation-item__content\" href=\"https:\/\/anaclet.tmp26.iutn.o2switch.site\/module_2_wordpress\/SkillFor\/formation-continue\/blog\/\">Blog<\/a><\/li><li class=\"wp-block-pages-list__item wp-block-navigation-item open-on-hover-click \"><a class=\"wp-block-pages-list__item__link wp-block-navigation-item__content\" href=\"https:\/\/anaclet.tmp26.iutn.o2switch.site\/module_2_wordpress\/SkillFor\/formation-continue\/contact-demande-de-devis\/\">Contact-demande de devis<\/a><\/li><li class=\"wp-block-pages-list__item wp-block-navigation-item open-on-hover-click \"><a class=\"wp-block-pages-list__item__link wp-block-navigation-item__content\" href=\"https:\/\/anaclet.tmp26.iutn.o2switch.site\/module_2_wordpress\/SkillFor\/formation-continue\/financement\/\">Financement<\/a><\/li><li data-wp-context=\"{ &quot;submenuOpenedBy&quot;: { &quot;click&quot;: false, &quot;hover&quot;: false, &quot;focus&quot;: false }, &quot;type&quot;: &quot;submenu&quot;, &quot;modal&quot;: null, &quot;previousFocus&quot;: null }\" data-wp-interactive=\"core\/navigation\" data-wp-on--focusout=\"actions.handleMenuFocusout\" data-wp-on--keydown=\"actions.handleMenuKeydown\" data-wp-on--mouseenter=\"actions.openMenuOnHover\" data-wp-on--mouseleave=\"actions.closeMenuOnHover\" data-wp-watch=\"callbacks.initMenu\" tabindex=\"-1\" class=\"wp-block-pages-list__item has-child wp-block-navigation-item open-on-hover-click \"><a class=\"wp-block-pages-list__item__link wp-block-navigation-item__content\" href=\"https:\/\/anaclet.tmp26.iutn.o2switch.site\/module_2_wordpress\/SkillFor\/formation-continue\/formations\/\">Formations<\/a><button data-wp-bind--aria-expanded=\"state.isMenuOpen\" data-wp-on--click=\"actions.toggleMenuOnClick\" aria-label=\"Sous-menu Formations\" class=\"wp-block-navigation__submenu-icon wp-block-navigation-submenu__toggle\" ><svg xmlns=\"http:\/\/www.w3.org\/2000\/svg\" width=\"12\" height=\"12\" viewBox=\"0 0 12 12\" fill=\"none\" aria-hidden=\"true\" focusable=\"false\"><path d=\"M1.50002 4L6.00002 8L10.5 4\" stroke-width=\"1.5\"><\/path><\/svg><\/button><ul data-wp-on--focus=\"actions.openMenuOnFocus\" class=\"wp-block-navigation__submenu-container\"><li data-wp-context=\"{ &quot;submenuOpenedBy&quot;: { &quot;click&quot;: false, &quot;hover&quot;: false, &quot;focus&quot;: false }, &quot;type&quot;: &quot;submenu&quot;, &quot;modal&quot;: null, &quot;previousFocus&quot;: null }\" data-wp-interactive=\"core\/navigation\" data-wp-on--focusout=\"actions.handleMenuFocusout\" data-wp-on--keydown=\"actions.handleMenuKeydown\" data-wp-on--mouseenter=\"actions.openMenuOnHover\" data-wp-on--mouseleave=\"actions.closeMenuOnHover\" data-wp-watch=\"callbacks.initMenu\" tabindex=\"-1\" class=\"wp-block-pages-list__item has-child wp-block-navigation-item open-on-hover-click \"><a class=\"wp-block-pages-list__item__link wp-block-navigation-item__content\" href=\"https:\/\/anaclet.tmp26.iutn.o2switch.site\/module_2_wordpress\/SkillFor\/formation-continue\/formations\/commerce-achat-international\/\">Commerce achat international<\/a><button data-wp-bind--aria-expanded=\"state.isMenuOpen\" data-wp-on--click=\"actions.toggleMenuOnClick\" aria-label=\"Sous-menu Commerce achat international\" class=\"wp-block-navigation__submenu-icon wp-block-navigation-submenu__toggle\" ><svg xmlns=\"http:\/\/www.w3.org\/2000\/svg\" width=\"12\" height=\"12\" viewBox=\"0 0 12 12\" fill=\"none\" aria-hidden=\"true\" focusable=\"false\"><path d=\"M1.50002 4L6.00002 8L10.5 4\" stroke-width=\"1.5\"><\/path><\/svg><\/button><ul data-wp-on--focus=\"actions.openMenuOnFocus\" class=\"wp-block-navigation__submenu-container\"><li class=\"wp-block-pages-list__item wp-block-navigation-item open-on-hover-click \"><a class=\"wp-block-pages-list__item__link wp-block-navigation-item__content\" href=\"https:\/\/anaclet.tmp26.iutn.o2switch.site\/module_2_wordpress\/SkillFor\/formation-continue\/formations\/commerce-achat-international\/employe-polyvalent-du-commerce-et-de-la-distribution\/\">Employ\u00e9 polyvalent du commerce et de la distribution<\/a><\/li><\/ul><\/li><li data-wp-context=\"{ &quot;submenuOpenedBy&quot;: { &quot;click&quot;: false, &quot;hover&quot;: false, &quot;focus&quot;: false }, &quot;type&quot;: &quot;submenu&quot;, &quot;modal&quot;: null, &quot;previousFocus&quot;: null }\" data-wp-interactive=\"core\/navigation\" data-wp-on--focusout=\"actions.handleMenuFocusout\" data-wp-on--keydown=\"actions.handleMenuKeydown\" data-wp-on--mouseenter=\"actions.openMenuOnHover\" data-wp-on--mouseleave=\"actions.closeMenuOnHover\" data-wp-watch=\"callbacks.initMenu\" tabindex=\"-1\" class=\"wp-block-pages-list__item has-child wp-block-navigation-item open-on-hover-click \"><a class=\"wp-block-pages-list__item__link wp-block-navigation-item__content\" href=\"https:\/\/anaclet.tmp26.iutn.o2switch.site\/module_2_wordpress\/SkillFor\/formation-continue\/formations\/digital-et-numerique\/\">Digital et num\u00e9rique<\/a><button data-wp-bind--aria-expanded=\"state.isMenuOpen\" data-wp-on--click=\"actions.toggleMenuOnClick\" aria-label=\"Sous-menu Digital et num\u00e9rique\" class=\"wp-block-navigation__submenu-icon wp-block-navigation-submenu__toggle\" ><svg xmlns=\"http:\/\/www.w3.org\/2000\/svg\" width=\"12\" height=\"12\" viewBox=\"0 0 12 12\" fill=\"none\" aria-hidden=\"true\" focusable=\"false\"><path d=\"M1.50002 4L6.00002 8L10.5 4\" stroke-width=\"1.5\"><\/path><\/svg><\/button><ul data-wp-on--focus=\"actions.openMenuOnFocus\" class=\"wp-block-navigation__submenu-container\"><li class=\"wp-block-pages-list__item wp-block-navigation-item open-on-hover-click \"><a class=\"wp-block-pages-list__item__link wp-block-navigation-item__content\" href=\"https:\/\/anaclet.tmp26.iutn.o2switch.site\/module_2_wordpress\/SkillFor\/formation-continue\/formations\/digital-et-numerique\/gerer-et-animer-ses-reseaux-sociaux\/\">G\u00e9rer et animer ses r\u00e9seaux sociaux<\/a><\/li><\/ul><\/li><li data-wp-context=\"{ &quot;submenuOpenedBy&quot;: { &quot;click&quot;: false, &quot;hover&quot;: false, &quot;focus&quot;: false }, &quot;type&quot;: &quot;submenu&quot;, &quot;modal&quot;: null, &quot;previousFocus&quot;: null }\" data-wp-interactive=\"core\/navigation\" data-wp-on--focusout=\"actions.handleMenuFocusout\" data-wp-on--keydown=\"actions.handleMenuKeydown\" data-wp-on--mouseenter=\"actions.openMenuOnHover\" data-wp-on--mouseleave=\"actions.closeMenuOnHover\" data-wp-watch=\"callbacks.initMenu\" tabindex=\"-1\" class=\"wp-block-pages-list__item has-child wp-block-navigation-item open-on-hover-click \"><a class=\"wp-block-pages-list__item__link wp-block-navigation-item__content\" href=\"https:\/\/anaclet.tmp26.iutn.o2switch.site\/module_2_wordpress\/SkillFor\/formation-continue\/formations\/management\/\">Management<\/a><button data-wp-bind--aria-expanded=\"state.isMenuOpen\" data-wp-on--click=\"actions.toggleMenuOnClick\" aria-label=\"Sous-menu Management\" class=\"wp-block-navigation__submenu-icon wp-block-navigation-submenu__toggle\" ><svg xmlns=\"http:\/\/www.w3.org\/2000\/svg\" width=\"12\" height=\"12\" viewBox=\"0 0 12 12\" fill=\"none\" aria-hidden=\"true\" focusable=\"false\"><path d=\"M1.50002 4L6.00002 8L10.5 4\" stroke-width=\"1.5\"><\/path><\/svg><\/button><ul data-wp-on--focus=\"actions.openMenuOnFocus\" class=\"wp-block-navigation__submenu-container\"><li class=\"wp-block-pages-list__item wp-block-navigation-item open-on-hover-click \"><a class=\"wp-block-pages-list__item__link wp-block-navigation-item__content\" href=\"https:\/\/anaclet.tmp26.iutn.o2switch.site\/module_2_wordpress\/SkillFor\/formation-continue\/formations\/management\/cce-manager-une-equipe\/\">CCE &#8211; Manager une \u00e9quipe<\/a><\/li><\/ul><\/li><li data-wp-context=\"{ &quot;submenuOpenedBy&quot;: { &quot;click&quot;: false, &quot;hover&quot;: false, &quot;focus&quot;: false }, &quot;type&quot;: &quot;submenu&quot;, &quot;modal&quot;: null, &quot;previousFocus&quot;: null }\" data-wp-interactive=\"core\/navigation\" data-wp-on--focusout=\"actions.handleMenuFocusout\" data-wp-on--keydown=\"actions.handleMenuKeydown\" data-wp-on--mouseenter=\"actions.openMenuOnHover\" data-wp-on--mouseleave=\"actions.closeMenuOnHover\" data-wp-watch=\"callbacks.initMenu\" tabindex=\"-1\" class=\"wp-block-pages-list__item has-child wp-block-navigation-item open-on-hover-click \"><a class=\"wp-block-pages-list__item__link wp-block-navigation-item__content\" href=\"https:\/\/anaclet.tmp26.iutn.o2switch.site\/module_2_wordpress\/SkillFor\/formation-continue\/formations\/marketing-et-relation-client\/\">Marketing et relation client<\/a><button data-wp-bind--aria-expanded=\"state.isMenuOpen\" data-wp-on--click=\"actions.toggleMenuOnClick\" aria-label=\"Sous-menu Marketing et relation client\" class=\"wp-block-navigation__submenu-icon wp-block-navigation-submenu__toggle\" ><svg xmlns=\"http:\/\/www.w3.org\/2000\/svg\" width=\"12\" height=\"12\" viewBox=\"0 0 12 12\" fill=\"none\" aria-hidden=\"true\" focusable=\"false\"><path d=\"M1.50002 4L6.00002 8L10.5 4\" stroke-width=\"1.5\"><\/path><\/svg><\/button><ul data-wp-on--focus=\"actions.openMenuOnFocus\" class=\"wp-block-navigation__submenu-container\"><li class=\"wp-block-pages-list__item wp-block-navigation-item open-on-hover-click \"><a class=\"wp-block-pages-list__item__link wp-block-navigation-item__content\" href=\"https:\/\/anaclet.tmp26.iutn.o2switch.site\/module_2_wordpress\/SkillFor\/formation-continue\/formations\/marketing-et-relation-client\/cce-maitriser-les-techniques-de-vente-et-de-negociation\/\">CCE &#8211; Maitriser les techniques de vente et de n\u00e9gociation<\/a><\/li><\/ul><\/li><\/ul><\/li><\/ul><\/li><li class=\"wp-block-pages-list__item wp-block-navigation-item open-on-hover-click\"><a class=\"wp-block-pages-list__item__link wp-block-navigation-item__content\" href=\"https:\/\/anaclet.tmp26.iutn.o2switch.site\/module_2_wordpress\/SkillFor\/lp-e-commerce-et-marketing-numerique\/\">Lp e-commerce et marketing num\u00e9rique<\/a><\/li><\/ul><\/ul><\/nav>\n\n\n<div style=\"height:24px\" aria-hidden=\"true\" class=\"wp-block-spacer\"><\/div>\n<\/div>\n\n\n\n<div class=\"wp-block-column is-layout-flow wp-block-column-is-layout-flow\">\n<p class=\"has-text-align-center\">Suivez-nous<\/p>\n\n\n\n<div class=\"wp-block-group is-vertical is-content-justification-center is-layout-flex wp-container-core-group-is-layout-bdd043ae wp-block-group-is-layout-flex\">\n<p><a href=\"https:\/\/www.facebook.com\/share\/1Gx8jJQvjH\/\">Facebook<\/a><\/p>\n\n\n\n<p><a href=\"https:\/\/www.instagram.com\/skillforcampus\/\" data-type=\"link\" data-id=\"https:\/\/www.instagram.com\/skillforcampus\/\">Instagram<\/a><\/p>\n\n\n\n<p><a href=\"https:\/\/www.linkedin.com\/company\/skillfor-campus972\/posts\/\">LinkedIn<\/a><\/p>\n<\/div>\n\n\n\n<div style=\"height:24px\" aria-hidden=\"true\" class=\"wp-block-spacer\"><\/div>\n<\/div>\n<\/div>\n\n\n\n<div class=\"wp-block-group alignwide is-content-justification-center is-layout-flex wp-container-core-group-is-layout-5590e8cb wp-block-group-is-layout-flex\">\n<p class=\"has-text-align-center has-small-font-size\"> Proudly powered by <a rel=\"nofollow\" href=\"https:\/\/wordpress.org\">WordPress<\/a> <\/p>\n<\/div>\n<\/div>\n","protected":false},"excerpt":{"rendered":"<p>Les demandeurs d&#8217;emplois Votre formation peut-\u00eatre financ\u00e9e par France Travail. Cependant, si vous avez entre 16 et 25 ans, il vous faudra vous rapprocher de la mission locale de votre secteur. Les chefs d&rsquo;entreprises Vous pouvez faire appel \u00e0 l&rsquo;Association de Gestion du Financement des chefs d&rsquo;Entreprise (AGEFICE). Pour toute information, contactez AGEFICE au 0596 [&hellip;]<\/p>\n","protected":false},"author":1,"featured_media":0,"parent":11,"menu_order":0,"comment_status":"closed","ping_status":"closed","template":"","meta":{"footnotes":""},"class_list":["post-6","page","type-page","status-publish","hentry"],"_links":{"self":[{"href":"https:\/\/anaclet.tmp26.iutn.o2switch.site\/module_2_wordpress\/SkillFor\/wp-json\/wp\/v2\/pages\/6","targetHints":{"allow":["GET"]}}],"collection":[{"href":"https:\/\/anaclet.tmp26.iutn.o2switch.site\/module_2_wordpress\/SkillFor\/wp-json\/wp\/v2\/pages"}],"about":[{"href":"https:\/\/anaclet.tmp26.iutn.o2switch.site\/module_2_wordpress\/SkillFor\/wp-json\/wp\/v2\/types\/page"}],"author":[{"embeddable":true,"href":"https:\/\/anaclet.tmp26.iutn.o2switch.site\/module_2_wordpress\/SkillFor\/wp-json\/wp\/v2\/users\/1"}],"replies":[{"embeddable":true,"href":"https:\/\/anaclet.tmp26.iutn.o2switch.site\/module_2_wordpress\/SkillFor\/wp-json\/wp\/v2\/comments?post=6"}],"version-history":[{"count":20,"href":"https:\/\/anaclet.tmp26.iutn.o2switch.site\/module_2_wordpress\/SkillFor\/wp-json\/wp\/v2\/pages\/6\/revisions"}],"predecessor-version":[{"id":210,"href":"https:\/\/anaclet.tmp26.iutn.o2switch.site\/module_2_wordpress\/SkillFor\/wp-json\/wp\/v2\/pages\/6\/revisions\/210"}],"up":[{"embeddable":true,"href":"https:\/\/anaclet.tmp26.iutn.o2switch.site\/module_2_wordpress\/SkillFor\/wp-json\/wp\/v2\/pages\/11"}],"wp:attachment":[{"href":"https:\/\/anaclet.tmp26.iutn.o2switch.site\/module_2_wordpress\/SkillFor\/wp-json\/wp\/v2\/media?parent=6"}],"curies":[{"name":"wp","href":"https:\/\/api.w.org\/{rel}","templated":true}]}}