{"id":85,"date":"2026-01-20T15:45:27","date_gmt":"2026-01-20T14:45:27","guid":{"rendered":"https:\/\/anaclet.tmp26.iutn.o2switch.site\/module_2_wordpress\/SkillFor\/?page_id=85"},"modified":"2026-01-25T22:23:55","modified_gmt":"2026-01-25T21:23:55","slug":"employe-polyvalent-du-commerce-et-de-la-distribution","status":"publish","type":"page","link":"https:\/\/anaclet.tmp26.iutn.o2switch.site\/module_2_wordpress\/SkillFor\/formation-continue\/formations\/commerce-achat-international\/employe-polyvalent-du-commerce-et-de-la-distribution\/","title":{"rendered":"Employ\u00e9 polyvalent du commerce et de la distribution"},"content":{"rendered":"\n<div class=\"wp-block-cover\"><img loading=\"lazy\" decoding=\"async\" width=\"697\" height=\"317\" class=\"wp-block-cover__image-background wp-image-223 size-full\" alt=\"\" src=\"https:\/\/anaclet.tmp26.iutn.o2switch.site\/module_2_wordpress\/SkillFor\/wp-content\/uploads\/2026\/01\/Capture-decran-2026-01-21-201037-2.png\" data-object-fit=\"cover\" srcset=\"https:\/\/anaclet.tmp26.iutn.o2switch.site\/module_2_wordpress\/SkillFor\/wp-content\/uploads\/2026\/01\/Capture-decran-2026-01-21-201037-2.png 697w, https:\/\/anaclet.tmp26.iutn.o2switch.site\/module_2_wordpress\/SkillFor\/wp-content\/uploads\/2026\/01\/Capture-decran-2026-01-21-201037-2-300x136.png 300w\" sizes=\"auto, (max-width: 697px) 100vw, 697px\" \/><span aria-hidden=\"true\" class=\"wp-block-cover__background has-black-background-color has-background-dim\"><\/span><div class=\"wp-block-cover__inner-container is-layout-constrained wp-block-cover-is-layout-constrained\">\n<div class=\"wp-block-group is-layout-grid wp-container-core-group-is-layout-baef362d wp-block-group-is-layout-grid\">\n<div class=\"wp-block-group has-background wp-container-content-5e2576f9 is-vertical is-content-justification-center is-layout-flex wp-container-core-group-is-layout-4b2eccd6 wp-block-group-is-layout-flex\" style=\"background-color:#16478b\">\n<div style=\"height:6px\" aria-hidden=\"true\" class=\"wp-block-spacer wp-container-content-2aa4ec05\"><\/div>\n\n\n\n<h4 class=\"wp-block-heading has-text-align-center has-white-color has-text-color has-link-color wp-elements-adc16ed560405cd62033477413ea8cdf\">Employ\u00e9 polyvalent du commerce et de la distribution<\/h4>\n\n\n\n<div style=\"height:23px\" aria-hidden=\"true\" class=\"wp-block-spacer wp-container-content-78b3b043\"><\/div>\n\n\n\n<div class=\"wp-block-buttons is-layout-flex wp-block-buttons-is-layout-flex\">\n<div class=\"wp-block-button has-custom-width wp-block-button__width-100\"><a class=\"wp-block-button__link has-luminous-vivid-orange-background-color has-background has-small-font-size has-custom-font-size wp-element-button\" href=\"https:\/\/www.martinique.cci.fr\/iso_upload\/Employ%C3%A9%20Polyvalent%20de%20Commerce%20et%20de%20Distribution_11.pdf\">T\u00e9l\u00e9charger la fiche formation<\/a><\/div>\n<\/div>\n\n\n\n<div style=\"height:28px\" aria-hidden=\"true\" class=\"wp-block-spacer wp-container-content-43ce77df\"><\/div>\n<\/div>\n<\/div>\n\n\n\n<div class=\"wp-block-group is-layout-grid wp-container-core-group-is-layout-6be84c55 wp-block-group-is-layout-grid\"><\/div>\n<\/div><\/div>\n\n\n\n<div style=\"height:21px\" aria-hidden=\"true\" class=\"wp-block-spacer\"><\/div>\n\n\n\n<div class=\"wp-block-group has-background is-layout-grid wp-container-core-group-is-layout-4d858cb8 wp-block-group-is-layout-grid\" style=\"background-color:#16478b\">\n<p class=\"has-text-align-center has-white-color has-text-color has-link-color wp-elements-614f9fc572da9738d387b67129142361\"><strong>Niveau 3 (CAP)<\/strong><\/p>\n\n\n\n<p class=\"has-text-align-center has-white-color has-text-color has-link-color wp-elements-54f0eef7b6bb911a7483042f3fb03cb0\"><strong>1 an &#8211; 1016 heures<\/strong><\/p>\n\n\n\n<p class=\"has-text-align-center has-white-color has-text-color has-link-color wp-elements-1aac0d0d056e479f56180740c82a0565\"><strong>Formation certifiante \u2013 Alternance et formation continue<\/strong><\/p>\n\n\n\n<p class=\"has-text-align-center has-white-color has-text-color has-link-color wp-elements-85b581b900d9cd7b29d7a760edcd2b72\"><strong>5 500 \u20ac<\/strong><\/p>\n<\/div>\n\n\n\n<div style=\"height:39px\" aria-hidden=\"true\" class=\"wp-block-spacer\"><\/div>\n\n\n\n<div class=\"wp-block-group is-layout-grid wp-container-core-group-is-layout-8d2db683 wp-block-group-is-layout-grid\">\n<h3 class=\"wp-block-heading has-text-align-center has-white-color has-text-color has-background has-link-color wp-elements-b1bc01f35390bb456c0f7b631401194c\" style=\"background-color:#16478b\"><strong>Les objectifs de formation<\/strong><\/h3>\n<\/div>\n\n\n\n<div class=\"wp-block-group has-background is-layout-grid wp-container-core-group-is-layout-6be84c55 wp-block-group-is-layout-grid\" style=\"background-color:#16478b\">\n<p class=\"has-text-align-center has-white-color has-text-color has-link-color wp-elements-fbd855877d8ee959ad54a0895638b2d3 wp-container-content-2155ee95\">Approvisionner et assurer le r\u00e9assort des rayons et un second sp\u00e9cifique, au choix, selon le projet professionnel.&nbsp;<\/p>\n\n\n\n<p class=\"has-text-align-center has-white-color has-text-color has-link-color wp-elements-d5957b5f2055f522686f634f67311c1c wp-container-content-2155ee95\">Tenir un poste de caisse.<\/p>\n\n\n\n<p class=\"has-text-align-center has-white-color has-text-color has-link-color wp-elements-0d06be48808037e39c6d945700a2565b\">Pr\u00e9parer les commandes clients en magasin ou en \u00ab drive \u00bb.<\/p>\n<\/div>\n\n\n\n<div style=\"height:49px\" aria-hidden=\"true\" class=\"wp-block-spacer\"><\/div>\n\n\n\n<h2 class=\"wp-block-heading has-text-align-center\">Programme<\/h2>\n\n\n\n<div class=\"wp-block-group has-white-color has-text-color has-background has-link-color wp-elements-6ee9f677895b9c4aa79a53c94cbea0f1 is-layout-grid wp-container-core-group-is-layout-8d2db683 wp-block-group-is-layout-grid\" style=\"background-color:#16478b\">\n<details class=\"wp-block-details has-background is-layout-flow wp-block-details-is-layout-flow\" style=\"background-color:#16478b\"><summary><strong>RNCP35010BC01 Bloc A &#8211; Approvisionnement et r\u00e9assort des rayons du point de vente \u2013 182 h<\/strong><br><\/summary>\n<ul class=\"wp-block-list\">\n<li>R\u00e9ceptionner et stocker les marchandises<\/li>\n<\/ul>\n\n\n\n<ul class=\"wp-block-list\">\n<li>Mettre en rayon et effectuer le r\u00e9assort dans le respect de la r\u00e9glementation commerciale<\/li>\n<\/ul>\n\n\n\n<ul class=\"wp-block-list\">\n<li>Respecter les r\u00e8gles d&rsquo;hygi\u00e8ne et de s\u00e9curit\u00e9<\/li>\n<\/ul>\n\n\n\n<ul class=\"wp-block-list\">\n<li>Participer \u00e0 la lutte contre la d\u00e9marque<\/li>\n<\/ul>\n\n\n\n<ul class=\"wp-block-list\">\n<li>Appliquer la politique de d\u00e9veloppement durable de l&rsquo;entreprise<\/li>\n<\/ul>\n\n\n\n<ul class=\"wp-block-list\">\n<li>R\u00e9aliser les op\u00e9rations d&rsquo;inventaire<\/li>\n<\/ul>\n\n\n\n<ul class=\"wp-block-list\">\n<li>Communiquer \u00e0 l&rsquo;oral en situation professionnelle<\/li>\n<\/ul>\n\n\n\n<ul class=\"wp-block-list\">\n<li>Accueillir et orienter le client dans le magasin<\/li>\n<\/ul>\n\n\n\n<ul class=\"wp-block-list\">\n<li>Travailler en \u00e9quipe<\/li>\n<\/ul>\n\n\n\n<ul class=\"wp-block-list\">\n<li>Ma\u00eetriser les gestes et postures en situation de port de charges<\/li>\n<\/ul>\n\n\n\n<ul class=\"wp-block-list\">\n<li>Valider le certificat Sauveteur Secouriste du Travail<\/li>\n<\/ul>\n\n\n\n<ul class=\"wp-block-list\">\n<li>Utiliser les outils num\u00e9riques<\/li>\n<\/ul>\n<\/details>\n<\/div>\n\n\n\n<div style=\"height:14px\" aria-hidden=\"true\" class=\"wp-block-spacer\"><\/div>\n\n\n\n<div class=\"wp-block-group is-layout-grid wp-container-core-group-is-layout-8d2db683 wp-block-group-is-layout-grid\">\n<details class=\"wp-block-details has-white-color has-text-color has-background has-link-color wp-elements-f7ae62e0fefff279409e5c60f077122d is-layout-flow wp-block-details-is-layout-flow\" style=\"background-color:#16478b\"><summary><strong>RN<strong>RNCP35010BC02 Bloc B &#8211; : Tenue d\u2019un poste de caisse et gestion de caisses en libre-service \u2013 91 h<\/strong>CP35010BC01 <\/strong><br><\/summary>\n<ul class=\"wp-block-list\">\n<li>Animer la relation clients et assurer le service clients en caisse \/ libre-service<\/li>\n<\/ul>\n\n\n\n<ul class=\"wp-block-list\">\n<li>R\u00e9agir face aux conflits clients<\/li>\n<\/ul>\n\n\n\n<ul class=\"wp-block-list\">\n<li>Appliquer les proc\u00e9dures de contr\u00f4le et de surveillance au poste de caisse \/ libre-service<\/li>\n<\/ul>\n\n\n\n<ul class=\"wp-block-list\">\n<li>G\u00e9rer son stress au poste caisse<\/li>\n<\/ul>\n<\/details>\n<\/div>\n\n\n\n<div style=\"height:14px\" aria-hidden=\"true\" class=\"wp-block-spacer\"><\/div>\n\n\n\n<details class=\"wp-block-details has-white-color has-text-color has-background has-link-color wp-elements-d701d1d264ebfc49f7b4e88120de3afe is-layout-flow wp-block-details-is-layout-flow\" style=\"background-color:#16478b\"><summary><strong><strong>RNCP35010BC03 Bloc C &#8211; Pr\u00e9parer les commandes clients en magasin ou en drive \u2013 70 h<\/strong> <\/strong><br><\/summary>\n<ul class=\"wp-block-list\">\n<li>D\u00e9couvrir l&rsquo;environnement du e-commerce<\/li>\n<\/ul>\n\n\n\n<ul class=\"wp-block-list\">\n<li>Organiser son travail selon les commandes re\u00e7ues<\/li>\n<\/ul>\n\n\n\n<ul class=\"wp-block-list\">\n<li>R\u00e9aliser le picking et la mise en colis dans le respect des r\u00e8gles d&rsquo;hygi\u00e8ne, de s\u00e9curit\u00e9 et de stockage<\/li>\n<\/ul>\n\n\n\n<ul class=\"wp-block-list\">\n<li>Accueillir et remettre la commande aux clients<\/li>\n<\/ul>\n<\/details>\n\n\n\n<div style=\"height:61px\" aria-hidden=\"true\" class=\"wp-block-spacer\"><\/div>\n\n\n\n<div class=\"wp-block-group alignfull has-background-color has-white-color has-black-background-color has-text-color has-background has-link-color wp-elements-b6dad606952df3985aad7f109d528e97 is-vertical is-content-justification-stretch is-layout-flex wp-container-core-group-is-layout-47eb2bc5 wp-block-group-is-layout-flex\" style=\"min-height:40vh;margin-top:0;margin-bottom:0;padding-top:var(--wp--preset--spacing--60);padding-right:var(--wp--preset--spacing--40);padding-bottom:var(--wp--preset--spacing--60);padding-left:var(--wp--preset--spacing--40)\">\n<div class=\"wp-block-columns alignwide has-small-font-size is-layout-flex wp-container-core-columns-is-layout-9d6595d7 wp-block-columns-is-layout-flex\">\n<div class=\"wp-block-column is-layout-flow wp-block-column-is-layout-flow\">\n<p class=\"has-text-align-center\">Adresse<\/p>\n\n\n\n<p class=\"has-text-align-center\">Rue Aubin Edmond&nbsp;<br>Quartier Case Navire<br>97233 Schoelcher<\/p>\n\n\n\n<div style=\"height:24px\" aria-hidden=\"true\" class=\"wp-block-spacer\"><\/div>\n<\/div>\n\n\n\n<div class=\"wp-block-column is-layout-flow wp-block-column-is-layout-flow\">\n<p class=\"has-text-align-center\">Pages<\/p>\n\n\n<nav class=\"has-small-font-size items-justified-center is-vertical no-wrap wp-block-navigation is-content-justification-center is-nowrap is-layout-flex wp-container-core-navigation-is-layout-685400d0 wp-block-navigation-is-layout-flex\" aria-label=\"Navigation\"><ul class=\"wp-block-navigation__container has-small-font-size items-justified-center is-vertical no-wrap wp-block-navigation has-small-font-size\"><ul class=\"has-small-font-size wp-block-page-list\"><li class=\"wp-block-pages-list__item wp-block-navigation-item open-on-hover-click\"><a class=\"wp-block-pages-list__item__link wp-block-navigation-item__content\" href=\"https:\/\/anaclet.tmp26.iutn.o2switch.site\/module_2_wordpress\/SkillFor\/accueil\/\">Accueil<\/a><\/li><li class=\"wp-block-pages-list__item wp-block-navigation-item open-on-hover-click\"><a class=\"wp-block-pages-list__item__link wp-block-navigation-item__content\" href=\"https:\/\/anaclet.tmp26.iutn.o2switch.site\/module_2_wordpress\/SkillFor\/cfa\/\">CFA<\/a><\/li><li data-wp-context=\"{ &quot;submenuOpenedBy&quot;: { &quot;click&quot;: false, &quot;hover&quot;: false, &quot;focus&quot;: false }, &quot;type&quot;: &quot;submenu&quot;, &quot;modal&quot;: null, &quot;previousFocus&quot;: null }\" data-wp-interactive=\"core\/navigation\" data-wp-on--focusout=\"actions.handleMenuFocusout\" data-wp-on--keydown=\"actions.handleMenuKeydown\" data-wp-on--mouseenter=\"actions.openMenuOnHover\" data-wp-on--mouseleave=\"actions.closeMenuOnHover\" data-wp-watch=\"callbacks.initMenu\" tabindex=\"-1\" class=\"wp-block-pages-list__item has-child wp-block-navigation-item open-on-hover-click\"><a class=\"wp-block-pages-list__item__link wp-block-navigation-item__content\" href=\"https:\/\/anaclet.tmp26.iutn.o2switch.site\/module_2_wordpress\/SkillFor\/formation-continue\/\">Formation continue<\/a><button data-wp-bind--aria-expanded=\"state.isMenuOpen\" data-wp-on--click=\"actions.toggleMenuOnClick\" aria-label=\"Sous-menu Formation continue\" class=\"wp-block-navigation__submenu-icon wp-block-navigation-submenu__toggle\" ><svg xmlns=\"http:\/\/www.w3.org\/2000\/svg\" width=\"12\" height=\"12\" viewBox=\"0 0 12 12\" fill=\"none\" aria-hidden=\"true\" focusable=\"false\"><path d=\"M1.50002 4L6.00002 8L10.5 4\" stroke-width=\"1.5\"><\/path><\/svg><\/button><ul data-wp-on--focus=\"actions.openMenuOnFocus\" class=\"wp-block-navigation__submenu-container\"><li class=\"wp-block-pages-list__item wp-block-navigation-item open-on-hover-click \"><a class=\"wp-block-pages-list__item__link wp-block-navigation-item__content\" href=\"https:\/\/anaclet.tmp26.iutn.o2switch.site\/module_2_wordpress\/SkillFor\/formation-continue\/blog\/\">Blog<\/a><\/li><li class=\"wp-block-pages-list__item wp-block-navigation-item open-on-hover-click \"><a class=\"wp-block-pages-list__item__link wp-block-navigation-item__content\" href=\"https:\/\/anaclet.tmp26.iutn.o2switch.site\/module_2_wordpress\/SkillFor\/formation-continue\/contact-demande-de-devis\/\">Contact-demande de devis<\/a><\/li><li class=\"wp-block-pages-list__item wp-block-navigation-item open-on-hover-click \"><a class=\"wp-block-pages-list__item__link wp-block-navigation-item__content\" href=\"https:\/\/anaclet.tmp26.iutn.o2switch.site\/module_2_wordpress\/SkillFor\/formation-continue\/financement\/\">Financement<\/a><\/li><li data-wp-context=\"{ &quot;submenuOpenedBy&quot;: { &quot;click&quot;: false, &quot;hover&quot;: false, &quot;focus&quot;: false }, &quot;type&quot;: &quot;submenu&quot;, &quot;modal&quot;: null, &quot;previousFocus&quot;: null }\" data-wp-interactive=\"core\/navigation\" data-wp-on--focusout=\"actions.handleMenuFocusout\" data-wp-on--keydown=\"actions.handleMenuKeydown\" data-wp-on--mouseenter=\"actions.openMenuOnHover\" data-wp-on--mouseleave=\"actions.closeMenuOnHover\" data-wp-watch=\"callbacks.initMenu\" tabindex=\"-1\" class=\"wp-block-pages-list__item has-child wp-block-navigation-item open-on-hover-click \"><a class=\"wp-block-pages-list__item__link wp-block-navigation-item__content\" href=\"https:\/\/anaclet.tmp26.iutn.o2switch.site\/module_2_wordpress\/SkillFor\/formation-continue\/formations\/\">Formations<\/a><button data-wp-bind--aria-expanded=\"state.isMenuOpen\" data-wp-on--click=\"actions.toggleMenuOnClick\" aria-label=\"Sous-menu Formations\" class=\"wp-block-navigation__submenu-icon wp-block-navigation-submenu__toggle\" ><svg xmlns=\"http:\/\/www.w3.org\/2000\/svg\" width=\"12\" height=\"12\" viewBox=\"0 0 12 12\" fill=\"none\" aria-hidden=\"true\" focusable=\"false\"><path d=\"M1.50002 4L6.00002 8L10.5 4\" stroke-width=\"1.5\"><\/path><\/svg><\/button><ul data-wp-on--focus=\"actions.openMenuOnFocus\" class=\"wp-block-navigation__submenu-container\"><li data-wp-context=\"{ &quot;submenuOpenedBy&quot;: { &quot;click&quot;: false, &quot;hover&quot;: false, &quot;focus&quot;: false }, &quot;type&quot;: &quot;submenu&quot;, &quot;modal&quot;: null, &quot;previousFocus&quot;: null }\" data-wp-interactive=\"core\/navigation\" data-wp-on--focusout=\"actions.handleMenuFocusout\" data-wp-on--keydown=\"actions.handleMenuKeydown\" data-wp-on--mouseenter=\"actions.openMenuOnHover\" data-wp-on--mouseleave=\"actions.closeMenuOnHover\" data-wp-watch=\"callbacks.initMenu\" tabindex=\"-1\" class=\"wp-block-pages-list__item has-child wp-block-navigation-item open-on-hover-click \"><a class=\"wp-block-pages-list__item__link wp-block-navigation-item__content\" href=\"https:\/\/anaclet.tmp26.iutn.o2switch.site\/module_2_wordpress\/SkillFor\/formation-continue\/formations\/commerce-achat-international\/\">Commerce achat international<\/a><button data-wp-bind--aria-expanded=\"state.isMenuOpen\" data-wp-on--click=\"actions.toggleMenuOnClick\" aria-label=\"Sous-menu Commerce achat international\" class=\"wp-block-navigation__submenu-icon wp-block-navigation-submenu__toggle\" ><svg xmlns=\"http:\/\/www.w3.org\/2000\/svg\" width=\"12\" height=\"12\" viewBox=\"0 0 12 12\" fill=\"none\" aria-hidden=\"true\" focusable=\"false\"><path d=\"M1.50002 4L6.00002 8L10.5 4\" stroke-width=\"1.5\"><\/path><\/svg><\/button><ul data-wp-on--focus=\"actions.openMenuOnFocus\" class=\"wp-block-navigation__submenu-container\"><li class=\"wp-block-pages-list__item wp-block-navigation-item open-on-hover-click \"><a class=\"wp-block-pages-list__item__link wp-block-navigation-item__content\" href=\"https:\/\/anaclet.tmp26.iutn.o2switch.site\/module_2_wordpress\/SkillFor\/formation-continue\/formations\/commerce-achat-international\/employe-polyvalent-du-commerce-et-de-la-distribution\/\">Employ\u00e9 polyvalent du commerce et de la distribution<\/a><\/li><\/ul><\/li><li data-wp-context=\"{ &quot;submenuOpenedBy&quot;: { &quot;click&quot;: false, &quot;hover&quot;: false, &quot;focus&quot;: false }, &quot;type&quot;: &quot;submenu&quot;, &quot;modal&quot;: null, &quot;previousFocus&quot;: null }\" data-wp-interactive=\"core\/navigation\" data-wp-on--focusout=\"actions.handleMenuFocusout\" data-wp-on--keydown=\"actions.handleMenuKeydown\" data-wp-on--mouseenter=\"actions.openMenuOnHover\" data-wp-on--mouseleave=\"actions.closeMenuOnHover\" data-wp-watch=\"callbacks.initMenu\" tabindex=\"-1\" class=\"wp-block-pages-list__item has-child wp-block-navigation-item open-on-hover-click \"><a class=\"wp-block-pages-list__item__link wp-block-navigation-item__content\" href=\"https:\/\/anaclet.tmp26.iutn.o2switch.site\/module_2_wordpress\/SkillFor\/formation-continue\/formations\/digital-et-numerique\/\">Digital et num\u00e9rique<\/a><button data-wp-bind--aria-expanded=\"state.isMenuOpen\" data-wp-on--click=\"actions.toggleMenuOnClick\" aria-label=\"Sous-menu Digital et num\u00e9rique\" class=\"wp-block-navigation__submenu-icon wp-block-navigation-submenu__toggle\" ><svg xmlns=\"http:\/\/www.w3.org\/2000\/svg\" width=\"12\" height=\"12\" viewBox=\"0 0 12 12\" fill=\"none\" aria-hidden=\"true\" focusable=\"false\"><path d=\"M1.50002 4L6.00002 8L10.5 4\" stroke-width=\"1.5\"><\/path><\/svg><\/button><ul data-wp-on--focus=\"actions.openMenuOnFocus\" class=\"wp-block-navigation__submenu-container\"><li class=\"wp-block-pages-list__item wp-block-navigation-item open-on-hover-click \"><a class=\"wp-block-pages-list__item__link wp-block-navigation-item__content\" href=\"https:\/\/anaclet.tmp26.iutn.o2switch.site\/module_2_wordpress\/SkillFor\/formation-continue\/formations\/digital-et-numerique\/gerer-et-animer-ses-reseaux-sociaux\/\">G\u00e9rer et animer ses r\u00e9seaux sociaux<\/a><\/li><\/ul><\/li><li data-wp-context=\"{ &quot;submenuOpenedBy&quot;: { &quot;click&quot;: false, &quot;hover&quot;: false, &quot;focus&quot;: false }, &quot;type&quot;: &quot;submenu&quot;, &quot;modal&quot;: null, &quot;previousFocus&quot;: null }\" data-wp-interactive=\"core\/navigation\" data-wp-on--focusout=\"actions.handleMenuFocusout\" data-wp-on--keydown=\"actions.handleMenuKeydown\" data-wp-on--mouseenter=\"actions.openMenuOnHover\" data-wp-on--mouseleave=\"actions.closeMenuOnHover\" data-wp-watch=\"callbacks.initMenu\" tabindex=\"-1\" class=\"wp-block-pages-list__item has-child wp-block-navigation-item open-on-hover-click \"><a class=\"wp-block-pages-list__item__link wp-block-navigation-item__content\" href=\"https:\/\/anaclet.tmp26.iutn.o2switch.site\/module_2_wordpress\/SkillFor\/formation-continue\/formations\/management\/\">Management<\/a><button data-wp-bind--aria-expanded=\"state.isMenuOpen\" data-wp-on--click=\"actions.toggleMenuOnClick\" aria-label=\"Sous-menu Management\" class=\"wp-block-navigation__submenu-icon wp-block-navigation-submenu__toggle\" ><svg xmlns=\"http:\/\/www.w3.org\/2000\/svg\" width=\"12\" height=\"12\" viewBox=\"0 0 12 12\" fill=\"none\" aria-hidden=\"true\" focusable=\"false\"><path d=\"M1.50002 4L6.00002 8L10.5 4\" stroke-width=\"1.5\"><\/path><\/svg><\/button><ul data-wp-on--focus=\"actions.openMenuOnFocus\" class=\"wp-block-navigation__submenu-container\"><li class=\"wp-block-pages-list__item wp-block-navigation-item open-on-hover-click \"><a class=\"wp-block-pages-list__item__link wp-block-navigation-item__content\" href=\"https:\/\/anaclet.tmp26.iutn.o2switch.site\/module_2_wordpress\/SkillFor\/formation-continue\/formations\/management\/cce-manager-une-equipe\/\">CCE &#8211; Manager une \u00e9quipe<\/a><\/li><\/ul><\/li><li data-wp-context=\"{ &quot;submenuOpenedBy&quot;: { &quot;click&quot;: false, &quot;hover&quot;: false, &quot;focus&quot;: false }, &quot;type&quot;: &quot;submenu&quot;, &quot;modal&quot;: null, &quot;previousFocus&quot;: null }\" data-wp-interactive=\"core\/navigation\" data-wp-on--focusout=\"actions.handleMenuFocusout\" data-wp-on--keydown=\"actions.handleMenuKeydown\" data-wp-on--mouseenter=\"actions.openMenuOnHover\" data-wp-on--mouseleave=\"actions.closeMenuOnHover\" data-wp-watch=\"callbacks.initMenu\" tabindex=\"-1\" class=\"wp-block-pages-list__item has-child wp-block-navigation-item open-on-hover-click \"><a class=\"wp-block-pages-list__item__link wp-block-navigation-item__content\" href=\"https:\/\/anaclet.tmp26.iutn.o2switch.site\/module_2_wordpress\/SkillFor\/formation-continue\/formations\/marketing-et-relation-client\/\">Marketing et relation client<\/a><button data-wp-bind--aria-expanded=\"state.isMenuOpen\" data-wp-on--click=\"actions.toggleMenuOnClick\" aria-label=\"Sous-menu Marketing et relation client\" class=\"wp-block-navigation__submenu-icon wp-block-navigation-submenu__toggle\" ><svg xmlns=\"http:\/\/www.w3.org\/2000\/svg\" width=\"12\" height=\"12\" viewBox=\"0 0 12 12\" fill=\"none\" aria-hidden=\"true\" focusable=\"false\"><path d=\"M1.50002 4L6.00002 8L10.5 4\" stroke-width=\"1.5\"><\/path><\/svg><\/button><ul data-wp-on--focus=\"actions.openMenuOnFocus\" class=\"wp-block-navigation__submenu-container\"><li class=\"wp-block-pages-list__item wp-block-navigation-item open-on-hover-click \"><a class=\"wp-block-pages-list__item__link wp-block-navigation-item__content\" href=\"https:\/\/anaclet.tmp26.iutn.o2switch.site\/module_2_wordpress\/SkillFor\/formation-continue\/formations\/marketing-et-relation-client\/cce-maitriser-les-techniques-de-vente-et-de-negociation\/\">CCE &#8211; Maitriser les techniques de vente et de n\u00e9gociation<\/a><\/li><\/ul><\/li><\/ul><\/li><\/ul><\/li><li class=\"wp-block-pages-list__item wp-block-navigation-item open-on-hover-click\"><a class=\"wp-block-pages-list__item__link wp-block-navigation-item__content\" href=\"https:\/\/anaclet.tmp26.iutn.o2switch.site\/module_2_wordpress\/SkillFor\/lp-e-commerce-et-marketing-numerique\/\">Lp e-commerce et marketing num\u00e9rique<\/a><\/li><\/ul><\/ul><\/nav>\n\n\n<div style=\"height:24px\" aria-hidden=\"true\" class=\"wp-block-spacer\"><\/div>\n<\/div>\n\n\n\n<div class=\"wp-block-column is-layout-flow wp-block-column-is-layout-flow\">\n<p class=\"has-text-align-center\">Suivez-nous<\/p>\n\n\n\n<div class=\"wp-block-group is-vertical is-content-justification-center is-layout-flex wp-container-core-group-is-layout-bdd043ae wp-block-group-is-layout-flex\">\n<p><a href=\"https:\/\/www.facebook.com\/share\/1Gx8jJQvjH\/\">Facebook<\/a><\/p>\n\n\n\n<p><a href=\"https:\/\/www.instagram.com\/skillforcampus\/\" data-type=\"link\" data-id=\"https:\/\/www.instagram.com\/skillforcampus\/\">Instagram<\/a><\/p>\n\n\n\n<p><a href=\"https:\/\/www.linkedin.com\/company\/skillfor-campus972\/posts\/\">LinkedIn<\/a><\/p>\n<\/div>\n\n\n\n<div style=\"height:24px\" aria-hidden=\"true\" class=\"wp-block-spacer\"><\/div>\n<\/div>\n<\/div>\n\n\n\n<div class=\"wp-block-group alignwide is-content-justification-center is-layout-flex wp-container-core-group-is-layout-5590e8cb wp-block-group-is-layout-flex\">\n<p class=\"has-text-align-center has-small-font-size\"> Proudly powered by <a rel=\"nofollow\" href=\"https:\/\/wordpress.org\">WordPress<\/a> <\/p>\n<\/div>\n<\/div>\n","protected":false},"excerpt":{"rendered":"<p>Niveau 3 (CAP) 1 an &#8211; 1016 heures Formation certifiante \u2013 Alternance et formation continue 5 500 \u20ac Les objectifs de formation Approvisionner et assurer le r\u00e9assort des rayons et un second sp\u00e9cifique, au choix, selon le projet professionnel.&nbsp; Tenir un poste de caisse. Pr\u00e9parer les commandes clients en magasin ou en \u00ab drive \u00bb. [&hellip;]<\/p>\n","protected":false},"author":1,"featured_media":0,"parent":19,"menu_order":0,"comment_status":"closed","ping_status":"closed","template":"","meta":{"footnotes":""},"class_list":["post-85","page","type-page","status-publish","hentry"],"_links":{"self":[{"href":"https:\/\/anaclet.tmp26.iutn.o2switch.site\/module_2_wordpress\/SkillFor\/wp-json\/wp\/v2\/pages\/85","targetHints":{"allow":["GET"]}}],"collection":[{"href":"https:\/\/anaclet.tmp26.iutn.o2switch.site\/module_2_wordpress\/SkillFor\/wp-json\/wp\/v2\/pages"}],"about":[{"href":"https:\/\/anaclet.tmp26.iutn.o2switch.site\/module_2_wordpress\/SkillFor\/wp-json\/wp\/v2\/types\/page"}],"author":[{"embeddable":true,"href":"https:\/\/anaclet.tmp26.iutn.o2switch.site\/module_2_wordpress\/SkillFor\/wp-json\/wp\/v2\/users\/1"}],"replies":[{"embeddable":true,"href":"https:\/\/anaclet.tmp26.iutn.o2switch.site\/module_2_wordpress\/SkillFor\/wp-json\/wp\/v2\/comments?post=85"}],"version-history":[{"count":14,"href":"https:\/\/anaclet.tmp26.iutn.o2switch.site\/module_2_wordpress\/SkillFor\/wp-json\/wp\/v2\/pages\/85\/revisions"}],"predecessor-version":[{"id":245,"href":"https:\/\/anaclet.tmp26.iutn.o2switch.site\/module_2_wordpress\/SkillFor\/wp-json\/wp\/v2\/pages\/85\/revisions\/245"}],"up":[{"embeddable":true,"href":"https:\/\/anaclet.tmp26.iutn.o2switch.site\/module_2_wordpress\/SkillFor\/wp-json\/wp\/v2\/pages\/19"}],"wp:attachment":[{"href":"https:\/\/anaclet.tmp26.iutn.o2switch.site\/module_2_wordpress\/SkillFor\/wp-json\/wp\/v2\/media?parent=85"}],"curies":[{"name":"wp","href":"https:\/\/api.w.org\/{rel}","templated":true}]}}